{"id":4304,"date":"2021-05-23T23:33:29","date_gmt":"2021-05-23T21:33:29","guid":{"rendered":"https:\/\/www.pakpromet.com\/?page_id=4304"},"modified":"2021-06-24T11:55:06","modified_gmt":"2021-06-24T09:55:06","slug":"peset-1000","status":"publish","type":"page","link":"https:\/\/www.pakpromet.com\/index.php\/peset-1000\/","title":{"rendered":"LINIJA BOCA PESET 1000"},"content":{"rendered":"<p>[vc_row][vc_column][vc_single_image image=&#8221;4917&#8243; img_size=&#8221;full&#8221;][vc_empty_space][\/vc_column][\/vc_row][vc_row][vc_column][vc_text_separator title=&#8221;NAMENA MA\u0160INE&#8221; title_align=&#8221;separator_align_left&#8221; border_width=&#8221;6&#8243; el_class=&#8221;bold&#8221;][vc_empty_space][vc_column_text]Ova automatska linija sastoji se iz ma\u0161ina tip: PERPAK 1000 (ispiranje i dezinfekcija boca), SEBOPAK 1000 (klipno punjenje, sortiranje , zavijanje zatvara\u010da i datumiranje), ETPAK 1000 (etiketirka za samolepljive etikete) I TERMOPAK 400 A1 (zbirno pakovanje u termoskupljaju\u0107u foliju).<\/p>\n<p>OPCIONO: Umesto ma\u0161ine ETPAK 1000 , mo\u017ee se koristiti SLIVPAK 1000 (Shrenk Sleeve aplikator).<\/p>\n<h5><a href=\"https:\/\/www.pakpromet.com\/index.php\/perpak-1000\/\">PERPAK 1000<\/a><\/h5>\n<h5><a href=\"https:\/\/www.pakpromet.com\/index.php\/sebopak-1000-2\/\">SEBOPAK 1000\u00a0<\/a><\/h5>\n<h5><a href=\"https:\/\/www.pakpromet.com\/index.php\/sebopak-1000-tt-p\/\">SEBOPAK 1000 TT P <\/a><\/h5>\n<h5><a href=\"https:\/\/www.pakpromet.com\/index.php\/etpak-1000\/\" rel=\"noopener\">ETPAK 1000<\/a><\/h5>\n<h5><a href=\"https:\/\/www.pakpromet.com\/index.php\/slivpak-1000-2\/\">SLIVPAK 1000<\/a><\/h5>\n<h5><a href=\"https:\/\/www.pakpromet.com\/index.php\/termopak-400-a1-2\/\">TERMOPAK 400 A1<\/a><\/h5>\n<p>[\/vc_column_text][vc_empty_space][vc_empty_space][\/vc_column][\/vc_row]<\/p>\n","protected":false},"excerpt":{"rendered":"<p>[vc_row][vc_column][vc_single_image image=&#8221;4917&#8243; img_size=&#8221;full&#8221;][vc_empty_space][\/vc_column][\/vc_row][vc_row][vc_column][vc_text_separator title=&#8221;NAMENA MA\u0160INE&#8221; title_align=&#8221;separator_align_left&#8221; border_width=&#8221;6&#8243; el_class=&#8221;bold&#8221;][vc_empty_space][vc_column_text]Ova automatska linija sastoji se iz ma\u0161ina tip: PERPAK 1000 (ispiranje i dezinfekcija boca), SEBOPAK 1000 (klipno punjenje, sortiranje , zavijanje zatvara\u010da i datumiranje), ETPAK 1000 (etiketirka za samolepljive etikete) I TERMOPAK 400 A1 (zbirno pakovanje u termoskupljaju\u0107u foliju). OPCIONO: Umesto ma\u0161ine ETPAK 1000 , mo\u017ee se koristiti [&hellip;]<\/p>\n","protected":false},"author":1,"featured_media":0,"parent":0,"menu_order":0,"comment_status":"closed","ping_status":"closed","template":"","meta":{"footnotes":""},"class_list":["post-4304","page","type-page","status-publish","hentry","no-thumb"],"_links":{"self":[{"href":"https:\/\/www.pakpromet.com\/index.php\/wp-json\/wp\/v2\/pages\/4304","targetHints":{"allow":["GET"]}}],"collection":[{"href":"https:\/\/www.pakpromet.com\/index.php\/wp-json\/wp\/v2\/pages"}],"about":[{"href":"https:\/\/www.pakpromet.com\/index.php\/wp-json\/wp\/v2\/types\/page"}],"author":[{"embeddable":true,"href":"https:\/\/www.pakpromet.com\/index.php\/wp-json\/wp\/v2\/users\/1"}],"replies":[{"embeddable":true,"href":"https:\/\/www.pakpromet.com\/index.php\/wp-json\/wp\/v2\/comments?post=4304"}],"version-history":[{"count":18,"href":"https:\/\/www.pakpromet.com\/index.php\/wp-json\/wp\/v2\/pages\/4304\/revisions"}],"predecessor-version":[{"id":4926,"href":"https:\/\/www.pakpromet.com\/index.php\/wp-json\/wp\/v2\/pages\/4304\/revisions\/4926"}],"wp:attachment":[{"href":"https:\/\/www.pakpromet.com\/index.php\/wp-json\/wp\/v2\/media?parent=4304"}],"curies":[{"name":"wp","href":"https:\/\/api.w.org\/{rel}","templated":true}]}}