{"id":4313,"date":"2021-05-23T23:51:47","date_gmt":"2021-05-23T21:51:47","guid":{"rendered":"https:\/\/www.pakpromet.com\/?page_id=4313"},"modified":"2021-10-02T15:53:19","modified_gmt":"2021-10-02T13:53:19","slug":"perpak-1000","status":"publish","type":"page","link":"https:\/\/www.pakpromet.com\/index.php\/perpak-1000\/","title":{"rendered":"PERPAK 1000"},"content":{"rendered":"<p>[vc_row][vc_column][vc_column_text]<\/p>\n<h1 style=\"text-align: center;\">PERPAK 1000<\/h1>\n<p>[\/vc_column_text][vc_empty_space height=&#8221;50px&#8221;][\/vc_column][\/vc_row][vc_row][vc_column][vc_text_separator title=&#8221;NAMENA MA\u0160INE&#8221; title_align=&#8221;separator_align_left&#8221; border_width=&#8221;6&#8243; el_class=&#8221;bold&#8221;][vc_empty_space][vc_column_text]PERPAK 1000 je automatska ma\u0161ina namenjena za ispiranje i dezinfekciju boca na liniji punjenja.<\/p>\n<p>Tako je koncipirana da moze da radi i samostalno uz dodatak transportera koji odvodi boce iz ma\u0161ine.<br \/>\nMa\u0161ina je koncipirana kao kru\u017ena, vertikalna \u0161to omogu\u0107ava laku regla\u017eu i olak\u0161an pristup vitalnim delovima ma\u0161ine.<br \/>\nZa proces ispiranja i dezinfekcije mogu\u0107e je koristiti fluide po izboru (persi\u0107etna kiselina, hlor,ozon&#8230;), a na osnovu propisanih tehnolo\u0161kih zahteva i mogu\u0107nosti koje dostavlja kupac ma\u0161ine.[\/vc_column_text][vc_empty_space][vc_video link=&#8221;https:\/\/youtu.be\/a54otQx39ac&#8221; el_width=&#8221;60&#8243; el_aspect=&#8221;43&#8243; align=&#8221;center&#8221;][vc_empty_space][vc_text_separator title=&#8221;TEHNI\u010cKI OPIS&#8221; title_align=&#8221;separator_align_left&#8221; border_width=&#8221;6&#8243; el_class=&#8221;bold&#8221;][vc_empty_space][vc_column_text]Boce se u radnu zonu ma\u0161ine dovode putem ru\u010dnog uno\u0161enja boca na zato odre\u0111enom polo\u017eaju. Kora\u010dni reduktor jednu po jednu bocu uvodi u radno kolo ma\u0161ine preko stezaljki koje bocu hvataju u zoni grli\u0107a boce. Ovakvih stanica na ma\u0161ini ima 8, a sa ciljem da se obezbedi tra\u017eeni kapacitet. Stezaljke sa bocom bivaju na putu radnog kola prevrnute i nabacuju se na cev za ispiranje i dezinfekciju. Na putu odla\u017eenja boce prema izlaznom transporteru vrsi se ubrizgavanje fluida. Po\u0161to je boca za vreme postupka dezinfekcije okrenuta grli\u0107em nani\u017ee, fluid za dezinfekciju se sliva niz zidove boce, a nakon zavr\u0161enog postupka biva odstranjen. Na kraju procesa boca se prevr\u0107e u normalan polozaj i uz pomo\u0107 pneumatrskog cilindra izlazi na odvodnu transportnu traku koja je u automatskom radu odvodi u punilicu.<br \/>\nUkoliko do\u0111e do prekida ili diskontinuiteta u dotoku boca ma\u0161ina \u0107e stati i novim unosom boca i aktiviranjem komande nastavi\u0107e rad.<\/p>\n<p>PERPAK je izra\u0111en od ner\u0111aju\u0107eg \u010delika.[\/vc_column_text][vc_empty_space][\/vc_column][\/vc_row][vc_row][vc_column width=&#8221;2\/3&#8243;][vc_text_separator title=&#8221;TEHNI\u010cKE KARAKTERISTIKE&#8221; i_icon_fontawesome=&#8221;fas fa-file-alt&#8221; i_color=&#8221;black&#8221; border_width=&#8221;6&#8243; css_animation=&#8221;none&#8221; add_icon=&#8221;true&#8221;][vc_column_text]<\/p>\n<table width=\"486\">\n<tbody>\n<tr>\n<td width=\"243\">&#8211; kapacitet ma\u0161ine<\/td>\n<td width=\"243\">Q = 1000 boca \/ h<\/td>\n<\/tr>\n<tr>\n<td width=\"228\">&#8211; instalisana snaga<\/td>\n<td width=\"258\">Pi = 0.55 kW<\/td>\n<\/tr>\n<tr>\n<td width=\"228\">&#8211; nazivni napon<\/td>\n<td width=\"258\">U =\u00a03 x 380 V 50 Hz<\/td>\n<\/tr>\n<tr>\n<td width=\"228\">&#8211; nazivni pritisak<\/td>\n<td width=\"258\">P = 6 &#8211; 8 bar<\/td>\n<\/tr>\n<tr>\n<td width=\"228\">&#8211; potro\u0161nja vazduha (na 6 bar-a)<\/td>\n<td width=\"258\">30 Nl \/ min<\/td>\n<\/tr>\n<tr>\n<td width=\"228\">&#8211; dimenzije ma\u0161ine D x \u0160 x V<\/td>\n<td width=\"258\">850 x 1300 x 2100 mm<\/td>\n<\/tr>\n<tr>\n<td width=\"228\">&#8211; masa ma\u0161ine<\/td>\n<td width=\"258\">M = 200 Kg<\/td>\n<\/tr>\n<tr>\n<td width=\"228\">&#8211; visina boce<\/td>\n<td width=\"258\">140 mm &#8211; 260 mm<\/td>\n<\/tr>\n<tr>\n<td width=\"228\">&#8211; pre\u010dnik boce<\/td>\n<td width=\"258\">\u03a6 = 100 mm<\/td>\n<\/tr>\n<\/tbody>\n<\/table>\n<p>[\/vc_column_text][\/vc_column][vc_column width=&#8221;1\/3&#8243;][vc_text_separator title=&#8221;TEHNI\u010cKA DOKUMENTACIJA&#8221; i_icon_fontawesome=&#8221;fas fa-file-pdf&#8221; i_color=&#8221;pink&#8221; border_width=&#8221;6&#8243; add_icon=&#8221;true&#8221;][vc_message message_box_color=&#8221;green&#8221; icon_fontawesome=&#8221;far fa-file-pdf&#8221;]<a href=\"https:\/\/www.pakpromet.com\/wp-content\/uploads\/2021\/05\/21.PERPAK-1000-1.pdf\" target=\"_blank\" rel=\"noopener\">Preuzmite bro\u0161uru<\/a>[\/vc_message][\/vc_column][\/vc_row][vc_row][vc_column][vc_empty_space][vc_images_carousel images=&#8221;6863,6864,6865,6866,6867&#8243; img_size=&#8221;full&#8221; speed=&#8221;2000&#8243; slides_per_view=&#8221;2&#8243; autoplay=&#8221;yes&#8221; hide_pagination_control=&#8221;yes&#8221; wrap=&#8221;yes&#8221;][\/vc_column][\/vc_row][vc_row][vc_column][\/vc_column][\/vc_row][vc_row][vc_column]<div class=\"nk-awb  \" ><div class=\"nk-awb-wrap\" data-awb-type=\"image\" data-awb-image-background-size=\"cover\" data-awb-image-background-position=\"50% 50%\"><div  class=\"nk-awb-inner\"><img loading=\"lazy\" decoding=\"async\" width=\"650\" height=\"544\" src=\"https:\/\/www.pakpromet.com\/wp-content\/uploads\/2021\/09\/zgrada-za-video.jpg\" class=\"jarallax-img\" alt=\"\" style=\"object-position: 50% 50%;\" srcset=\"https:\/\/www.pakpromet.com\/wp-content\/uploads\/2021\/09\/zgrada-za-video.jpg 650w, https:\/\/www.pakpromet.com\/wp-content\/uploads\/2021\/09\/zgrada-za-video-300x251.jpg 300w, https:\/\/www.pakpromet.com\/wp-content\/uploads\/2021\/09\/zgrada-za-video-600x502.jpg 600w\" sizes=\"auto, (max-width: 650px) 100vw, 650px\" \/><\/div><\/div><\/div>[\/vc_column][\/vc_row]<\/p>\n","protected":false},"excerpt":{"rendered":"<p>[vc_row][vc_column][vc_column_text] PERPAK 1000 [\/vc_column_text][vc_empty_space height=&#8221;50px&#8221;][\/vc_column][\/vc_row][vc_row][vc_column][vc_text_separator title=&#8221;NAMENA MA\u0160INE&#8221; title_align=&#8221;separator_align_left&#8221; border_width=&#8221;6&#8243; el_class=&#8221;bold&#8221;][vc_empty_space][vc_column_text]PERPAK 1000 je automatska ma\u0161ina namenjena za ispiranje i dezinfekciju boca na liniji punjenja. Tako je koncipirana da moze da radi i samostalno uz dodatak transportera koji odvodi boce iz ma\u0161ine. Ma\u0161ina je koncipirana kao kru\u017ena, vertikalna \u0161to omogu\u0107ava laku regla\u017eu i olak\u0161an pristup vitalnim delovima [&hellip;]<\/p>\n","protected":false},"author":1,"featured_media":0,"parent":0,"menu_order":0,"comment_status":"closed","ping_status":"closed","template":"","meta":{"footnotes":""},"class_list":["post-4313","page","type-page","status-publish","hentry","no-thumb"],"_links":{"self":[{"href":"https:\/\/www.pakpromet.com\/index.php\/wp-json\/wp\/v2\/pages\/4313","targetHints":{"allow":["GET"]}}],"collection":[{"href":"https:\/\/www.pakpromet.com\/index.php\/wp-json\/wp\/v2\/pages"}],"about":[{"href":"https:\/\/www.pakpromet.com\/index.php\/wp-json\/wp\/v2\/types\/page"}],"author":[{"embeddable":true,"href":"https:\/\/www.pakpromet.com\/index.php\/wp-json\/wp\/v2\/users\/1"}],"replies":[{"embeddable":true,"href":"https:\/\/www.pakpromet.com\/index.php\/wp-json\/wp\/v2\/comments?post=4313"}],"version-history":[{"count":36,"href":"https:\/\/www.pakpromet.com\/index.php\/wp-json\/wp\/v2\/pages\/4313\/revisions"}],"predecessor-version":[{"id":4315,"href":"https:\/\/www.pakpromet.com\/index.php\/wp-json\/wp\/v2\/pages\/4313\/revisions\/4315"}],"wp:attachment":[{"href":"https:\/\/www.pakpromet.com\/index.php\/wp-json\/wp\/v2\/media?parent=4313"}],"curies":[{"name":"wp","href":"https:\/\/api.w.org\/{rel}","templated":true}]}}