{"id":4398,"date":"2021-05-24T07:03:19","date_gmt":"2021-05-24T05:03:19","guid":{"rendered":"https:\/\/www.pakpromet.com\/?page_id=4398"},"modified":"2021-11-03T14:23:49","modified_gmt":"2021-11-03T13:23:49","slug":"sebopak-1000-tt-p","status":"publish","type":"page","link":"https:\/\/www.pakpromet.com\/index.php\/sebopak-1000-tt-p\/","title":{"rendered":"SEBOPAK 1000 TT P"},"content":{"rendered":"<p>[vc_row][vc_column][vc_column_text]<\/p>\n<h1 style=\"text-align: center;\">SERBOPAK 1000 TT P<\/h1>\n<p>[\/vc_column_text][vc_empty_space height=&#8221;50px&#8221;][\/vc_column][\/vc_row][vc_row][vc_column][vc_text_separator title=&#8221;NAMENA MA\u0160INE&#8221; title_align=&#8221;separator_align_left&#8221; border_width=&#8221;6&#8243; el_class=&#8221;bold&#8221;][vc_empty_space][vc_column_text]Ma\u0161ina za pakovanje SEBOPAK 1000 TT P je namenjena za punjenje, termovarenje, zatvaranje tegli sa \u0161irim grlom, za pakovanje svih vrsta kremastih, pastoznih materija kao i mirnih te\u010dnosti (mo\u017ee i standardno grlo).<\/p>\n<p>Na ovoj ma\u0161ini se mogu puniti tegle u vi\u0161e veli\u010dina, sa najve\u0107om zapreminom do jednog litra, uz neophodno pode\u0161avanje odre\u0111enih parametara.[\/vc_column_text][vc_empty_space][vc_video link=&#8221;https:\/\/youtu.be\/oa0ngdRr4j8&#8243; el_width=&#8221;80&#8243; align=&#8221;center&#8221;][vc_empty_space][vc_video link=&#8221;https:\/\/youtu.be\/FRr_zI8r8zE&#8221; el_width=&#8221;80&#8243; align=&#8221;center&#8221;][vc_empty_space][vc_text_separator title=&#8221;TEHNI\u010cKI OPIS&#8221; border_width=&#8221;6&#8243; el_class=&#8221;bold&#8221;][vc_empty_space][vc_column_text]Ma\u0161ina SEBOPAK 1000 TT P je horizontalnog tipa, linijska i automatizovana, sa ru\u010dnim ulaganjem tegli na transporter. Prema vrsti pogonskih elemenata ovo je pneumatsko mehani\u010dka ma\u0161ina.<\/p>\n<p>Kompletna ma\u0161ina je izra\u0111ena od ner\u0111aju\u0107eg \u010delika. Proces rada je elektronski upravljan. Ma\u0161ina se sastoji iz slede\u0107ih sklopova, koji u tehni\u010dkom i tehnolo\u0161kom smislu predstavljaju jedinstvenu celinu: transporter za tegle, modul za doziranje, modul za spu\u0161tanje poklopaca, modul za zavijanje poklopaca, jedinica za dodavanje i nabijanje zatvara\u010da i zavijanje zatvara\u010da.<\/p>\n<p>Transporter za tegle se sastoji od prokronske \u0161arnirne trake, pogonske i zatezne jedinice i elemenata za precizno vo\u0111enje trake. Usisavanje te\u010dnosti se vr\u0161i iz posude u kojoj se odr\u017eava temperatura a nalazi iznad ma\u0161ine. Zbog punjenja dvobojnog euro krema dozator odr\u017eava temperaturu na putu krema od dozatora do tegle Modul uzimanja i spu\u0161tanja poklopaca je izveden tako da se poklopci iz \u0161ar\u017eera preko vakum ruke prenose na teglu i privaruju do slede\u0107e operacije Modul termovara vr\u0161i funkciju termovarenja poklopca na teglu.<br \/>\nJedinica za dodavanje i nabijanje zatvara\u010da se sastoji od \u0161ar\u017eera u koji se sme\u0161taju zatvara\u010di, rotacionog dodava\u010da, kanala za vo\u0111enje poklopaca, kao i pneumatskog mehanizma za nabijanje zatvara\u010da na teglu a potom jedinica za zavijanje \u010depova zavr\u0161ava ciklus.[\/vc_column_text][vc_empty_space][\/vc_column][\/vc_row][vc_row][vc_column width=&#8221;2\/3&#8243;][vc_text_separator title=&#8221;TEHNI\u010cKE KARAKTERISTIKE&#8221; i_icon_fontawesome=&#8221;fas fa-file-alt&#8221; i_color=&#8221;black&#8221; border_width=&#8221;6&#8243; css_animation=&#8221;none&#8221; add_icon=&#8221;true&#8221;][vc_column_text]<\/p>\n<table width=\"624\">\n<tbody>\n<tr>\n<td width=\"312\">&#8211; kapacitet ma\u0161ine<\/td>\n<td width=\"312\">Q = 1000 tegli \/ h<\/td>\n<\/tr>\n<tr>\n<td width=\"300\">&#8211; opseg doziranja<\/td>\n<td width=\"324\">0,25 &#8211; 1 l<\/td>\n<\/tr>\n<tr>\n<td width=\"300\">&#8211; instalisana snaga<\/td>\n<td width=\"324\">P = 1.5 KW<\/td>\n<\/tr>\n<tr>\n<td width=\"300\">&#8211; nazivni napon<\/td>\n<td width=\"324\">U= 3 x 380 V : 50Hz<\/td>\n<\/tr>\n<tr>\n<td width=\"300\">&#8211; nazivni pritisak<\/td>\n<td width=\"324\">P = 6 &#8211; 8 bar<\/td>\n<\/tr>\n<tr>\n<td width=\"300\">&#8211; potro\u0161nja vazduha (na 6 bar-a)<\/td>\n<td width=\"324\">950 Nl \/ min<\/td>\n<\/tr>\n<tr>\n<td width=\"300\">&#8211; dimenzije ma\u0161ine D x \u0160 x V<\/td>\n<td width=\"324\">3000 x 1000 x 2000 mm<\/td>\n<\/tr>\n<tr>\n<td width=\"300\">&#8211; masa ma\u0161ine<\/td>\n<td width=\"324\">M = 530 kg<\/td>\n<\/tr>\n<\/tbody>\n<\/table>\n<p>[\/vc_column_text][\/vc_column][vc_column width=&#8221;1\/3&#8243;][vc_text_separator title=&#8221;TEHNI\u010cKA DOKUMENTACIJA&#8221; i_icon_fontawesome=&#8221;fas fa-file-pdf&#8221; i_color=&#8221;pink&#8221; border_width=&#8221;6&#8243; add_icon=&#8221;true&#8221;][vc_message message_box_color=&#8221;green&#8221; icon_fontawesome=&#8221;far fa-file-pdf&#8221;]<a href=\"https:\/\/www.pakpromet.com\/wp-content\/uploads\/2021\/05\/24.-SEBOPAK-1000-TTP.pdf\" target=\"_blank\" rel=\"noopener\">Preuzmite bro\u0161uru<\/a>[\/vc_message][\/vc_column][\/vc_row][vc_row][vc_column][vc_empty_space][vc_images_carousel images=&#8221;6916,6917,6918,6919,6920,6921&#8243; img_size=&#8221;full&#8221; speed=&#8221;2000&#8243; slides_per_view=&#8221;2&#8243; autoplay=&#8221;yes&#8221; hide_pagination_control=&#8221;yes&#8221; wrap=&#8221;yes&#8221;][\/vc_column][\/vc_row]<\/p>\n","protected":false},"excerpt":{"rendered":"<p>[vc_row][vc_column][vc_column_text] SERBOPAK 1000 TT P [\/vc_column_text][vc_empty_space height=&#8221;50px&#8221;][\/vc_column][\/vc_row][vc_row][vc_column][vc_text_separator title=&#8221;NAMENA MA\u0160INE&#8221; title_align=&#8221;separator_align_left&#8221; border_width=&#8221;6&#8243; el_class=&#8221;bold&#8221;][vc_empty_space][vc_column_text]Ma\u0161ina za pakovanje SEBOPAK 1000 TT P je namenjena za punjenje, termovarenje, zatvaranje tegli sa \u0161irim grlom, za pakovanje svih vrsta kremastih, pastoznih materija kao i mirnih te\u010dnosti (mo\u017ee i standardno grlo). Na ovoj ma\u0161ini se mogu puniti tegle u vi\u0161e veli\u010dina, sa najve\u0107om [&hellip;]<\/p>\n","protected":false},"author":1,"featured_media":0,"parent":0,"menu_order":0,"comment_status":"closed","ping_status":"closed","template":"","meta":{"footnotes":""},"class_list":["post-4398","page","type-page","status-publish","hentry","no-thumb"],"_links":{"self":[{"href":"https:\/\/www.pakpromet.com\/index.php\/wp-json\/wp\/v2\/pages\/4398","targetHints":{"allow":["GET"]}}],"collection":[{"href":"https:\/\/www.pakpromet.com\/index.php\/wp-json\/wp\/v2\/pages"}],"about":[{"href":"https:\/\/www.pakpromet.com\/index.php\/wp-json\/wp\/v2\/types\/page"}],"author":[{"embeddable":true,"href":"https:\/\/www.pakpromet.com\/index.php\/wp-json\/wp\/v2\/users\/1"}],"replies":[{"embeddable":true,"href":"https:\/\/www.pakpromet.com\/index.php\/wp-json\/wp\/v2\/comments?post=4398"}],"version-history":[{"count":11,"href":"https:\/\/www.pakpromet.com\/index.php\/wp-json\/wp\/v2\/pages\/4398\/revisions"}],"predecessor-version":[{"id":8050,"href":"https:\/\/www.pakpromet.com\/index.php\/wp-json\/wp\/v2\/pages\/4398\/revisions\/8050"}],"wp:attachment":[{"href":"https:\/\/www.pakpromet.com\/index.php\/wp-json\/wp\/v2\/media?parent=4398"}],"curies":[{"name":"wp","href":"https:\/\/api.w.org\/{rel}","templated":true}]}}