{"id":4438,"date":"2021-05-24T07:46:35","date_gmt":"2021-05-24T05:46:35","guid":{"rendered":"https:\/\/www.pakpromet.com\/?page_id=4438"},"modified":"2021-11-03T14:46:47","modified_gmt":"2021-11-03T13:46:47","slug":"termopak-400-a1-2","status":"publish","type":"page","link":"https:\/\/www.pakpromet.com\/index.php\/termopak-400-a1-2\/","title":{"rendered":"TERMOPAK 400 A1"},"content":{"rendered":"<p>[vc_row][vc_column][vc_column_text]<\/p>\n<h1 style=\"text-align: center;\">TERMOPAK 400 A1<\/h1>\n<p>[\/vc_column_text][vc_empty_space height=&#8221;50px&#8221;][\/vc_column][\/vc_row][vc_row][vc_column][vc_text_separator title=&#8221;NAMENA MA\u0160INE&#8221; title_align=&#8221;separator_align_left&#8221; border_width=&#8221;6&#8243; el_class=&#8221;bold&#8221;][vc_empty_space][vc_column_text]TERMOPAK 400 A1 je namenjena za pojedina\u010dno i grupno pakovanje proizvoda u foliju, koja ima sposobnost termi\u010dkog skupljanja, te na taj na\u010din prijanja uz proizvod i \u010dini za\u0161titu od spolja\u0161njih uticaja, a kod grupnih pakovanja ostvaruje i dobru homogenost paketa.<\/p>\n<p>Ma\u0161ina TERMOPAK 400 A1 je specijalno prilago\u0111ena za zbirno pakovanje boca.[\/vc_column_text][vc_empty_space][vc_video link=&#8221;https:\/\/youtu.be\/uqA7V0VGsr8&#8243; el_width=&#8221;80&#8243; align=&#8221;center&#8221;][vc_empty_space][vc_text_separator title=&#8221;TEHNI\u010cKI OPIS&#8221; title_align=&#8221;separator_align_left&#8221; border_width=&#8221;6&#8243; el_class=&#8221;bold&#8221;][vc_empty_space][vc_column_text]Linija za termoskupljanje TERMOPAK 400 A1 je automatska i sastoji se iz nekoliko jedinica-uredjaja koji sa\u010dinjavaju funkcionalnu celinu. Jedinica za oblaganje folijom se sastoji iz radne plo\u010de, mehanizma za formiranje i prebacivanje paketa, nosa\u010da kotura gornje (sa motorreduktorom) i donje folije, sa vitlima, kao i mehanizma sa greja\u010dem (peglom) za odsecanje i zavarivanje folije. Svi ovi mehanizmi su postavljeni na zajedni\u010dkom postolju.<br \/>\nNapunjene boce dolaze \u0161arnirnim transporterom do ma\u0161ine, gde se, na radnoj plo\u010di prvo formira paket u zadatom rasporedu, a zatim se aktivira prebaciva\u010d paketa koji pregurava paket, a ovaj sa sobom povla\u010di i film folije kojim se obmotava. Obmotavanje je zavr\u0161eno kada se spusti pegla koja zatvara folijom i \u010detvrtu stranu paketa, odse\u010de foliju i ponovo zavari krajeve gornjeg i donjeg kotura. Ovako obmotan paket dolazi na transporter koji ga nosi kroz komoru.<br \/>\nTransportna traka je izra\u0111ena od \u017ei\u010danog pletiva, a transporter je opremljen pogonskim i zateznim bubnjem, kao i jedinicama za zatezanje. Pogonjen je motoreduktorskim prenosnikom, sa fiksnom brzinom kretanja trake. Komora za termoskupljanje je postavljena na postolje transportera, a u njoj se vr\u0161i zagrevanje folije i njeno priljubljivanje uz paket. Vazduh u komori se zagreva elektri\u010dnim greja\u010dima, njegova cirkulacija se ostvaruje pomo\u0107u aksijalnog ventilatora, a temperatura se reguli\u0161e pomo\u0107u termoregulatora.<br \/>\nKomora je termi\u010dki izolovana staklenom vunom kojom su napunjeni zidovi, i zavesicama na ulazu i izlazu. Jedinica za hla\u0111enje paketa se nalazi odmah iza komore i ima zadatak da brzo ohladi foliju kojom je paket obmotan. Hla\u0111enje se obavlja u struji hladnog vazduha koju ostvaruje ventilator. Prihvatni transporter, koji je izveden kao gravitacioni valj\u010dasti, se nalazi u produ\u017eetku \u017ei\u010danog transportera. Ugao nagiba ovog transportera je mali, tako da se na njemu paketi susti\u017eu i guraju jedan drugog prave\u0107i malu akumulaciju.<\/p>\n<p>TERMOPAK 400 A1 je izra\u0111en od ner\u0111aju\u0107eg \u010delika a procesom upravlja programabilni logi\u010dki kontroler (PLC).[\/vc_column_text][vc_empty_space][\/vc_column][\/vc_row][vc_row][vc_column width=&#8221;2\/3&#8243;][vc_text_separator title=&#8221;TEHNI\u010cKE KARAKTERISTIKE&#8221; i_icon_fontawesome=&#8221;fas fa-file-alt&#8221; i_color=&#8221;black&#8221; border_width=&#8221;6&#8243; css_animation=&#8221;none&#8221; add_icon=&#8221;true&#8221;][vc_column_text]<\/p>\n<table width=\"564\">\n<tbody>\n<tr>\n<td width=\"282\">&#8211; kapacitet ma\u0161ine<\/td>\n<td width=\"282\">Q = 2 &#8211; 3 cikl \/ min<\/td>\n<\/tr>\n<tr>\n<td width=\"264\">&#8211; instalisana snaga<\/td>\n<td width=\"299\">Pi = 12 kW<\/td>\n<\/tr>\n<tr>\n<td width=\"264\">&#8211; instalisana snaga<\/td>\n<td width=\"299\">U =\u00a03 x 380 V \u00a050 Hz<\/td>\n<\/tr>\n<tr>\n<td width=\"264\">&#8211; nazivni pritisak<\/td>\n<td width=\"299\">P = 6 &#8211; 8 bar<\/td>\n<\/tr>\n<tr>\n<td width=\"264\">&#8211;\u00a0potro\u0161nja vazduha (na 6 bar-a)<\/td>\n<td width=\"299\">150 Nl \/ min<\/td>\n<\/tr>\n<tr>\n<td width=\"264\">&#8211; dimenzije ma\u0161ine D x \u0160 x V<\/td>\n<td width=\"299\">3000 x 1100 x 1950 mm<\/td>\n<\/tr>\n<tr>\n<td width=\"264\">&#8211;\u00a0masa ma\u0161ine<\/td>\n<td width=\"299\">M = 475 Kg<\/td>\n<\/tr>\n<tr>\n<td width=\"264\">&#8211; vrsta folije<\/td>\n<td width=\"299\">Termoskupljaju\u0107a PE<\/td>\n<\/tr>\n<tr>\n<td width=\"264\">&#8211; maksimalna \u0161irina folije<\/td>\n<td width=\"299\">B1 = 420 mm<\/td>\n<\/tr>\n<tr>\n<td width=\"264\">&#8211;\u00a0debljina folije<\/td>\n<td width=\"299\">0,07 &#8211; 0,11 mm<\/td>\n<\/tr>\n<\/tbody>\n<\/table>\n<p>[\/vc_column_text][\/vc_column][vc_column width=&#8221;1\/3&#8243;][vc_text_separator title=&#8221;TEHNI\u010cKA DOKUMENTACIJA&#8221; i_icon_fontawesome=&#8221;fas fa-file-pdf&#8221; i_color=&#8221;pink&#8221; border_width=&#8221;6&#8243; add_icon=&#8221;true&#8221;][vc_message message_box_color=&#8221;green&#8221; icon_fontawesome=&#8221;far fa-file-pdf&#8221;]<a href=\"https:\/\/www.pakpromet.com\/wp-content\/uploads\/2021\/05\/26.TERMOPAK-400-A1.pdf\" target=\"_blank\" rel=\"noopener\">Preuzmite bro\u0161uru<\/a>[\/vc_message][\/vc_column][\/vc_row][vc_row][vc_column][vc_empty_space][vc_images_carousel images=&#8221;5589,5590,5591,5592,5593,5594&#8243; img_size=&#8221;full&#8221; speed=&#8221;2000&#8243; slides_per_view=&#8221;2&#8243; autoplay=&#8221;yes&#8221; hide_pagination_control=&#8221;yes&#8221; wrap=&#8221;yes&#8221;][\/vc_column][\/vc_row]<\/p>\n","protected":false},"excerpt":{"rendered":"<p>[vc_row][vc_column][vc_column_text] TERMOPAK 400 A1 [\/vc_column_text][vc_empty_space height=&#8221;50px&#8221;][\/vc_column][\/vc_row][vc_row][vc_column][vc_text_separator title=&#8221;NAMENA MA\u0160INE&#8221; title_align=&#8221;separator_align_left&#8221; border_width=&#8221;6&#8243; el_class=&#8221;bold&#8221;][vc_empty_space][vc_column_text]TERMOPAK 400 A1 je namenjena za pojedina\u010dno i grupno pakovanje proizvoda u foliju, koja ima sposobnost termi\u010dkog skupljanja, te na taj na\u010din prijanja uz proizvod i \u010dini za\u0161titu od spolja\u0161njih uticaja, a kod grupnih pakovanja ostvaruje i dobru homogenost paketa. Ma\u0161ina TERMOPAK 400 A1 je [&hellip;]<\/p>\n","protected":false},"author":1,"featured_media":0,"parent":0,"menu_order":0,"comment_status":"closed","ping_status":"closed","template":"","meta":{"footnotes":""},"class_list":["post-4438","page","type-page","status-publish","hentry","no-thumb"],"_links":{"self":[{"href":"https:\/\/www.pakpromet.com\/index.php\/wp-json\/wp\/v2\/pages\/4438","targetHints":{"allow":["GET"]}}],"collection":[{"href":"https:\/\/www.pakpromet.com\/index.php\/wp-json\/wp\/v2\/pages"}],"about":[{"href":"https:\/\/www.pakpromet.com\/index.php\/wp-json\/wp\/v2\/types\/page"}],"author":[{"embeddable":true,"href":"https:\/\/www.pakpromet.com\/index.php\/wp-json\/wp\/v2\/users\/1"}],"replies":[{"embeddable":true,"href":"https:\/\/www.pakpromet.com\/index.php\/wp-json\/wp\/v2\/comments?post=4438"}],"version-history":[{"count":13,"href":"https:\/\/www.pakpromet.com\/index.php\/wp-json\/wp\/v2\/pages\/4438\/revisions"}],"predecessor-version":[{"id":8051,"href":"https:\/\/www.pakpromet.com\/index.php\/wp-json\/wp\/v2\/pages\/4438\/revisions\/8051"}],"wp:attachment":[{"href":"https:\/\/www.pakpromet.com\/index.php\/wp-json\/wp\/v2\/media?parent=4438"}],"curies":[{"name":"wp","href":"https:\/\/api.w.org\/{rel}","templated":true}]}}