{"id":4528,"date":"2021-06-07T11:19:26","date_gmt":"2021-06-07T09:19:26","guid":{"rendered":"https:\/\/www.pakpromet.com\/?page_id=4528"},"modified":"2021-10-02T20:08:02","modified_gmt":"2021-10-02T18:08:02","slug":"unospak-3000-12000-2","status":"publish","type":"page","link":"https:\/\/www.pakpromet.com\/index.php\/unospak-3000-12000-2\/","title":{"rendered":"UNOSPAK 3000 &#8211; 12000"},"content":{"rendered":"<p>[vc_row][vc_column][vc_column_text]<\/p>\n<h1 style=\"text-align: center;\">UNOSPAK 3000 &#8211; 12000<\/h1>\n<p>[\/vc_column_text][vc_empty_space height=&#8221;50px&#8221;][\/vc_column][\/vc_row][vc_row][vc_column][vc_text_separator title=&#8221;NAMENA MA\u0160INE&#8221; title_align=&#8221;separator_align_left&#8221; border_width=&#8221;6&#8243; el_class=&#8221;bold&#8221;][vc_empty_space][vc_column_text]UNOSPAK je automatska ma\u0161ina namenjena za postavljane boca na transporter koje se dalje vode na liniju za punjenje, zatvaranje i zbirno pakovanje u boce. Prakti\u010dno je nezamenjljiv u uslovima kada se \u017eeli izbe\u0107i kontakt radnika sa praznom bocom i kod linija ve\u0107eg kapaciteta gde zamenjuje ve\u0107i broj radnika koji bi ru\u010dno postavljali boce na transporter linije za punjenje.<br \/>\nPotrebno je da se boce iz paketa samo izru\u010de u rotacioni dobo\u0161 ma\u0161ine a dalje ona posao obavlja automatski.<br \/>\nProizvodi se u kapacitetima 3000, 4500, 6000, 9000 i 12000 boca na sat[\/vc_column_text][vc_empty_space][vc_video link=&#8221;https:\/\/youtu.be\/zMGEYoTbYN0&#8243; el_width=&#8221;70&#8243; align=&#8221;center&#8221;][vc_empty_space][vc_text_separator title=&#8221;TEHNI\u010cKI OPIS&#8221; title_align=&#8221;separator_align_left&#8221; border_width=&#8221;6&#8243; el_class=&#8221;bold&#8221;][vc_empty_space][vc_column_text]Na sopstvenom postolju ma\u0161ine sme\u0161ten je rotacioni dobo\u0161 koji ima svoj pogon, izmenljive kasete prema obliku boca koje se trenutno pune.<\/p>\n<p>U njemu je sme\u0161ten mehanizam za orijentaciju boca i transportni sistem do levka za izbacivanje boca i njihovo postavljanje na transportnu traku koja nosi boce do transportera linije za punjenje. Ta transportna traka je sastavni deo linije PESET. U specijalnim slu\u010dajevima od UNOSPAK &#8211; a do transportne trake linije za punjenje ugra\u0111uje se dodatak u vidu kratkog vazdu\u0161nog transporta boca. U slu\u010daju da je do\u0161lo do zastoja na liniji za punjenje, pa se ova traka prepuni ma\u0161ina ima senzore koji to prepoznaju i odmah zaustavlja rad. Po otklanjanu zastoja ma\u0161ina produ\u017ei automatski da hrani traku. Postolje ma\u0161ine, sve za\u0161titne obloge i ostali elementi izra\u0111eni su od ner\u0111aju\u0107eg \u010delika. Elektro komandni deo je sme\u0161ten u posebne ormane za\u0161ti\u0107ene od vlage.[\/vc_column_text][vc_empty_space][\/vc_column][\/vc_row][vc_row][vc_column width=&#8221;2\/3&#8243;][vc_text_separator title=&#8221;TEHNI\u010cKE KARAKTERISTIKE&#8221; i_icon_fontawesome=&#8221;fas fa-file-alt&#8221; i_color=&#8221;black&#8221; border_width=&#8221;6&#8243; css_animation=&#8221;none&#8221; add_icon=&#8221;true&#8221;][vc_column_text]<\/p>\n<table width=\"600\">\n<tbody>\n<tr>\n<td width=\"350\">&#8211;\u00a0kapacitet ma\u0161ine<\/td>\n<td width=\"250\">Q = 3000\u00a0\u2013 9000 boca \/ h<\/td>\n<\/tr>\n<tr>\n<td width=\"300\">&#8211;\u00a0instalisana snaga<\/td>\n<td width=\"263\">Pi = 3,4 kW<\/td>\n<\/tr>\n<tr>\n<td width=\"300\">&#8211;\u00a0nazivni napon<\/td>\n<td width=\"263\">U = 3 x 380 V \u00a050 Hz<\/td>\n<\/tr>\n<tr>\n<td width=\"300\">&#8211;\u00a0nazivni pritisak<\/td>\n<td width=\"263\">P= 6 &#8211; 8 bar<\/td>\n<\/tr>\n<tr>\n<td width=\"300\">&#8211;\u00a0potro\u0161nja vazduha (na 6 bar-a)<\/td>\n<td width=\"263\">700 Ni \/ min<\/td>\n<\/tr>\n<tr>\n<td width=\"300\">&#8211;\u00a0dimenzije ma\u0161ine sa elevatorom D x \u0160 x V<\/td>\n<td width=\"263\">3000 ( 3750 ) x 2000 x 2500 mm<\/td>\n<\/tr>\n<tr>\n<td width=\"300\">&#8211;\u00a0masa ma\u0161ine<\/td>\n<td width=\"263\">M = 880 Kg<\/td>\n<\/tr>\n<tr>\n<td width=\"300\">&#8211;\u00a0boca<\/td>\n<td width=\"263\">PET ili PVC<\/td>\n<\/tr>\n<tr>\n<td width=\"300\">&#8211;\u00a0dimenzije boce<\/td>\n<td width=\"263\">max \u0424 85; H = 250 mm<\/td>\n<\/tr>\n<\/tbody>\n<\/table>\n<p>[\/vc_column_text][\/vc_column][vc_column width=&#8221;1\/3&#8243;][vc_text_separator title=&#8221;TEHNI\u010cKA DOKUMENTACIJA&#8221; i_icon_fontawesome=&#8221;fas fa-file-pdf&#8221; i_color=&#8221;pink&#8221; border_width=&#8221;6&#8243; add_icon=&#8221;true&#8221;][vc_message message_box_color=&#8221;green&#8221; icon_fontawesome=&#8221;far fa-file-pdf&#8221;]<a href=\"https:\/\/www.pakpromet.com\/wp-content\/uploads\/2021\/06\/25.UNOSPAK-1500-12000-srb-eng-rus.pdf\" target=\"_blank\" rel=\"noopener\">Preuzmite bro\u0161uru<\/a>[\/vc_message][\/vc_column][\/vc_row][vc_row][vc_column][vc_empty_space][vc_images_carousel images=&#8221;6945,6946,6947,6948,6949,6950,6951,6952,6953,6954&#8243; img_size=&#8221;full&#8221; speed=&#8221;2000&#8243; slides_per_view=&#8221;2&#8243; autoplay=&#8221;yes&#8221; hide_pagination_control=&#8221;yes&#8221; wrap=&#8221;yes&#8221;][\/vc_column][\/vc_row]<\/p>\n","protected":false},"excerpt":{"rendered":"<p>[vc_row][vc_column][vc_column_text] UNOSPAK 3000 &#8211; 12000 [\/vc_column_text][vc_empty_space height=&#8221;50px&#8221;][\/vc_column][\/vc_row][vc_row][vc_column][vc_text_separator title=&#8221;NAMENA MA\u0160INE&#8221; title_align=&#8221;separator_align_left&#8221; border_width=&#8221;6&#8243; el_class=&#8221;bold&#8221;][vc_empty_space][vc_column_text]UNOSPAK je automatska ma\u0161ina namenjena za postavljane boca na transporter koje se dalje vode na liniju za punjenje, zatvaranje i zbirno pakovanje u boce. Prakti\u010dno je nezamenjljiv u uslovima kada se \u017eeli izbe\u0107i kontakt radnika sa praznom bocom i kod linija ve\u0107eg kapaciteta gde [&hellip;]<\/p>\n","protected":false},"author":1,"featured_media":0,"parent":0,"menu_order":0,"comment_status":"closed","ping_status":"closed","template":"","meta":{"footnotes":""},"class_list":["post-4528","page","type-page","status-publish","hentry","no-thumb"],"_links":{"self":[{"href":"https:\/\/www.pakpromet.com\/index.php\/wp-json\/wp\/v2\/pages\/4528","targetHints":{"allow":["GET"]}}],"collection":[{"href":"https:\/\/www.pakpromet.com\/index.php\/wp-json\/wp\/v2\/pages"}],"about":[{"href":"https:\/\/www.pakpromet.com\/index.php\/wp-json\/wp\/v2\/types\/page"}],"author":[{"embeddable":true,"href":"https:\/\/www.pakpromet.com\/index.php\/wp-json\/wp\/v2\/users\/1"}],"replies":[{"embeddable":true,"href":"https:\/\/www.pakpromet.com\/index.php\/wp-json\/wp\/v2\/comments?post=4528"}],"version-history":[{"count":12,"href":"https:\/\/www.pakpromet.com\/index.php\/wp-json\/wp\/v2\/pages\/4528\/revisions"}],"predecessor-version":[{"id":6486,"href":"https:\/\/www.pakpromet.com\/index.php\/wp-json\/wp\/v2\/pages\/4528\/revisions\/6486"}],"wp:attachment":[{"href":"https:\/\/www.pakpromet.com\/index.php\/wp-json\/wp\/v2\/media?parent=4528"}],"curies":[{"name":"wp","href":"https:\/\/api.w.org\/{rel}","templated":true}]}}