{"id":4579,"date":"2021-06-08T18:47:41","date_gmt":"2021-06-08T16:47:41","guid":{"rendered":"https:\/\/www.pakpromet.com\/?page_id=4579"},"modified":"2021-11-15T01:51:42","modified_gmt":"2021-11-15T00:51:42","slug":"etpak-3000-6000","status":"publish","type":"page","link":"https:\/\/www.pakpromet.com\/index.php\/etpak-3000-6000\/","title":{"rendered":"ETPAK 3000 &#8211; 6000"},"content":{"rendered":"<p>[vc_row][vc_column][vc_column_text]<\/p>\n<h1 style=\"text-align: center;\">ETPAK 3000 &#8211; 6000<\/h1>\n<p>[\/vc_column_text][vc_empty_space height=&#8221;50px&#8221;][\/vc_column][\/vc_row][vc_row][vc_column][vc_text_separator title=&#8221;NAMENA MA\u0160INE&#8221; title_align=&#8221;separator_align_left&#8221; border_width=&#8221;6&#8243; el_class=&#8221;bold&#8221;][vc_empty_space][vc_column_text]ETPAK 3000 &#8211; 6000 je specijalni automatski sistem sa jednom glavom za etiketiranje, predvi\u0111ena za nano\u0161enje obmotavaju\u0107e samolepljive etikete na telo cilindri\u010dnog proizvoda. Etiketa se lepi jednovremeno na telo proizvoda u prolazu, a DRP ure\u0111aj za oblepljivanje proizvoda daje efekat da se etiketa sama lepi dok se proizvod okre\u0107e oko svoje ose.<\/p>\n<p>Opciono mo\u017ee i ugradnja druge glave kao i DSP za pravougaonu bocu[\/vc_column_text][vc_empty_space][vc_video link=&#8221;https:\/\/youtu.be\/mEc5lAOm_7U&#8221; el_width=&#8221;80&#8243; align=&#8221;center&#8221;][vc_empty_space][vc_text_separator title=&#8221;TEHNI\u010cKI OPIS&#8221; title_align=&#8221;separator_align_left&#8221; border_width=&#8221;6&#8243; el_class=&#8221;bold&#8221;][vc_empty_space][vc_column_text]Postolje ma\u0161ine sa prokronskom konstrukcijom i prohromskim limovima, automatska glava za etiketiranje kompleta sa: Zatezni ure\u0111aj sa prolaznim valjcima za papir koji dozvoljava lepljenje etikete, odmota\u010d rolne kompletan sa dr\u017ea\u010dem rolne i vo\u0111icom rolne i automatsko odmotavanje papira, ure\u0111aj za namotavanje povratnog papira, duga\u010dki podesivi ure\u0111aj za etiketiranje &#8211; odvajanje etikete od povratnog papira, sa mehani\u010dkim pode\u0161avanjem ugla, upravlja\u010dka tastatura, mikroregulacija na ma\u0161ini odgovaraju\u0107a za pozicioniranje glave za etiketiranje na ta\u010dku lepljenja, stub sa potpornim nosa\u010dem za transportni sistem, DRP ure\u0111aj za oblepljivanje etikete na cilindri\u010dne proizvode sa nosa\u010dem i vo\u0111icom.[\/vc_column_text][vc_empty_space][\/vc_column][\/vc_row][vc_row][vc_column width=&#8221;2\/3&#8243;][vc_text_separator title=&#8221;TEHNI\u010cKE KARAKTERISTIKE&#8221; i_icon_fontawesome=&#8221;fas fa-file-alt&#8221; i_color=&#8221;black&#8221; border_width=&#8221;6&#8243; css_animation=&#8221;none&#8221; add_icon=&#8221;true&#8221;][vc_column_text]<\/p>\n<table width=\"503\">\n<tbody>\n<tr>\n<td width=\"503\">\n<table width=\"500\">\n<tbody>\n<tr>\n<td width=\"250\">&#8211;\u00a0kapacitet ma\u0161ine<\/td>\n<td width=\"250\">Q = 3000 &#8211; 6000\u00a0boca \/ h<\/td>\n<\/tr>\n<tr>\n<td width=\"250\">&#8211; instalisana snaga<\/td>\n<td width=\"250\">Pi = 5,50 kW<\/td>\n<\/tr>\n<tr>\n<td width=\"250\">&#8211; nazivni napon<\/td>\n<td width=\"250\">U = 3 x 380 V 50 Hz<\/td>\n<\/tr>\n<tr>\n<td width=\"250\">&#8211; duvaljka:<\/td>\n<td width=\"250\">7.5 HP<\/td>\n<\/tr>\n<tr>\n<td width=\"250\">&#8211; brzina; sve do<\/td>\n<td width=\"250\">200 bpm<\/td>\n<\/tr>\n<tr>\n<td width=\"250\">&#8211; dimenzije ma\u0161ine D x \u0160 x V<\/td>\n<td width=\"250\">1000 x 600 x 2200 mm<\/td>\n<\/tr>\n<tr>\n<td width=\"250\">&#8211; masa ma\u0161ine<\/td>\n<td width=\"250\">M = 290 Kg<\/td>\n<\/tr>\n<\/tbody>\n<\/table>\n<\/td>\n<\/tr>\n<\/tbody>\n<\/table>\n<p>[\/vc_column_text][\/vc_column][vc_column width=&#8221;1\/3&#8243;][vc_text_separator title=&#8221;TEHNI\u010cKA DOKUMENTACIJA&#8221; i_icon_fontawesome=&#8221;fas fa-file-pdf&#8221; i_color=&#8221;pink&#8221; border_width=&#8221;6&#8243; add_icon=&#8221;true&#8221;][vc_message message_box_color=&#8221;green&#8221; icon_fontawesome=&#8221;far fa-file-pdf&#8221;]<a href=\"https:\/\/www.pakpromet.com\/wp-content\/uploads\/2021\/06\/35.ETPAK-3000-6000-1.pdf\" target=\"_blank\" rel=\"noopener\">Preuzmite bro\u0161uru<\/a>[\/vc_message][\/vc_column][\/vc_row][vc_row][vc_column][vc_empty_space][vc_images_carousel images=&#8221;7008,7009,7010,7011,7012&#8243; img_size=&#8221;full&#8221; speed=&#8221;2000&#8243; slides_per_view=&#8221;2&#8243; autoplay=&#8221;yes&#8221; hide_pagination_control=&#8221;yes&#8221; wrap=&#8221;yes&#8221;][\/vc_column][\/vc_row]<\/p>\n","protected":false},"excerpt":{"rendered":"<p>[vc_row][vc_column][vc_column_text] ETPAK 3000 &#8211; 6000 [\/vc_column_text][vc_empty_space height=&#8221;50px&#8221;][\/vc_column][\/vc_row][vc_row][vc_column][vc_text_separator title=&#8221;NAMENA MA\u0160INE&#8221; title_align=&#8221;separator_align_left&#8221; border_width=&#8221;6&#8243; el_class=&#8221;bold&#8221;][vc_empty_space][vc_column_text]ETPAK 3000 &#8211; 6000 je specijalni automatski sistem sa jednom glavom za etiketiranje, predvi\u0111ena za nano\u0161enje obmotavaju\u0107e samolepljive etikete na telo cilindri\u010dnog proizvoda. Etiketa se lepi jednovremeno na telo proizvoda u prolazu, a DRP ure\u0111aj za oblepljivanje proizvoda daje efekat da se etiketa sama [&hellip;]<\/p>\n","protected":false},"author":1,"featured_media":0,"parent":0,"menu_order":0,"comment_status":"closed","ping_status":"closed","template":"","meta":{"footnotes":""},"class_list":["post-4579","page","type-page","status-publish","hentry","no-thumb"],"_links":{"self":[{"href":"https:\/\/www.pakpromet.com\/index.php\/wp-json\/wp\/v2\/pages\/4579","targetHints":{"allow":["GET"]}}],"collection":[{"href":"https:\/\/www.pakpromet.com\/index.php\/wp-json\/wp\/v2\/pages"}],"about":[{"href":"https:\/\/www.pakpromet.com\/index.php\/wp-json\/wp\/v2\/types\/page"}],"author":[{"embeddable":true,"href":"https:\/\/www.pakpromet.com\/index.php\/wp-json\/wp\/v2\/users\/1"}],"replies":[{"embeddable":true,"href":"https:\/\/www.pakpromet.com\/index.php\/wp-json\/wp\/v2\/comments?post=4579"}],"version-history":[{"count":17,"href":"https:\/\/www.pakpromet.com\/index.php\/wp-json\/wp\/v2\/pages\/4579\/revisions"}],"predecessor-version":[{"id":8091,"href":"https:\/\/www.pakpromet.com\/index.php\/wp-json\/wp\/v2\/pages\/4579\/revisions\/8091"}],"wp:attachment":[{"href":"https:\/\/www.pakpromet.com\/index.php\/wp-json\/wp\/v2\/media?parent=4579"}],"curies":[{"name":"wp","href":"https:\/\/api.w.org\/{rel}","templated":true}]}}