{"id":4589,"date":"2021-06-08T19:09:39","date_gmt":"2021-06-08T17:09:39","guid":{"rendered":"https:\/\/www.pakpromet.com\/?page_id=4589"},"modified":"2021-11-15T02:01:12","modified_gmt":"2021-11-15T01:01:12","slug":"etpak-rf-roll-feed","status":"publish","type":"page","link":"https:\/\/www.pakpromet.com\/index.php\/etpak-rf-roll-feed\/","title":{"rendered":"ETPAK RF &#8211; Roll Feed"},"content":{"rendered":"<p>[vc_row][vc_column][vc_column_text]<\/p>\n<h1 style=\"text-align: center;\">ETPAK RF &#8211; Roll Feed<\/h1>\n<p>[\/vc_column_text][vc_empty_space height=&#8221;50px&#8221;][\/vc_column][\/vc_row][vc_row][vc_column][vc_text_separator title=&#8221;NAMENA MA\u0160INE&#8221; title_align=&#8221;separator_align_left&#8221; border_width=&#8221;6&#8243; el_class=&#8221;bold&#8221;][vc_empty_space][vc_column_text]Ma\u0161ina ETPAK RF &#8211; Roll Feed je namenjena za nano\u0161enje PP etikete na ve\u0107 napunjene I zatvorene boce. Predstavlja jednu od ma\u0161ina koje formiraju liniju u punjenju, zatvaranju, etiketiranju i formiranju zbirnog pakovanja proizvoda. U zavisnosti od potrebe tr\u017ei\u0161ta ma\u0161ina se mo\u017ee koristiti za nano\u0161enje etiketa na boce razli\u010ditog oblika (\u010detvrtaste, pravougaone, okrugle), razli\u010ditih dimenzija. Same boce mogu biti izradjene od razli\u010ditih materijala. Masina se mo\u017ee se koristiti u prehrambenoj I hemijskoj industriji.<\/p>\n<p>Osnovna verzija ma\u0161ine namenjena je za postavljanje etiketa na boce (PET boce ili boce od nekog drugog materijala). Maksimalno iskori\u0161\u0107enje ma\u0161ine obezbe\u0111eno je sinhronizacijom sklopova, \u0161to obezbe\u0111uje maksimalni kapacitet linije. Ma\u0161ina ima sopstveni pogon, pa mo\u017ee da radi samostalno.[\/vc_column_text][vc_empty_space][vc_video link=&#8221;https:\/\/youtu.be\/E2qGs8SOlrQ&#8221; el_width=&#8221;80&#8243; align=&#8221;center&#8221;][vc_empty_space][vc_video link=&#8221;https:\/\/youtu.be\/7sz_3llD0uE&#8221; el_width=&#8221;80&#8243; align=&#8221;center&#8221;][vc_empty_space][vc_video link=&#8221;https:\/\/youtu.be\/1xQCQxUwZic&#8221; el_width=&#8221;80&#8243; align=&#8221;center&#8221;][vc_empty_space][vc_text_separator title=&#8221;TEHNI\u010cKI OPIS&#8221; title_align=&#8221;separator_align_left&#8221; border_width=&#8221;6&#8243; el_class=&#8221;bold&#8221;][vc_empty_space][vc_column_text]ETPAK RF &#8211; Roll Feed je automatska ma\u0161ina, projektovana za nano\u0161enje polipropilenskih etiketa na boce. Ma\u0161ina predstavlja sklop servo, mehanickog I pneumatskog pogona \u010diji su moduli I sklopovi medjusobno povezani u jednu logi\u010dku celinu kojom se upravlja putem PLC kontrolera. Kod ma\u0161ine ETPAK RF &#8211; Roll Feed etiketa se obmotova potpuno oko boce. Boce u ma\u0161inu dolaze putem ulaznog transportera \u010diji je rad sinhronizovan sa brzinom ma\u0161ine. Ma\u0161ina moze imati svoj transporter, a mo\u017ee se I implementirati u postoje\u0107u liniju sa postoje\u0107im sistemom transporta boca. Na ulazu u ma\u0161inu boce nailaze na pu\u017eni uvodnik progresivnog koraka \u010diji je zadatak da boce dovede na odgovaraju\u0107e osno rastojanje, odnosno na korak ulazne zvezde tj. samog karusela. Boce dovedene na odgovaraju\u0107i korak putem ulazne zvezde I sistemom razdelnika ulaze u karusel koji pomo\u0107u specijalno profilisanih tacni I pritiskiva\u010da dr\u017ei bocu strogo u zoni kinematskog kruga karusela.<\/p>\n<p>U zavisnosti od oblika boce, vr\u0161i se njeno rotiranje oko sopstvene ose na karuselu. Karusel bocu koja se rotira oko svoje ose dovodi do vacuum dobo\u0161a koji etiketu namazanu vru\u0107im lepkom I odse\u010denu na ta\u010dnu meru nanosi na bocu. Brzina rotacije boce I vacuum dobo\u0161a je usagla\u0161ena tako da se prilikom rotacije vr\u0161i I zatezanje etikete oko boce. Na kraju procesa etiketiranja boca prolazi pored pegla\u010da, kroz izlaznu zvezdu I odatle napu\u0161ta ma\u0161inu. Odmotavanje etikete iz kotura, odsecanje etikete, nano\u0161enje vru\u0107eg lepka na njen po\u010detak I kraj I sam transfer etikete do boce obavlja se pomo\u0107u posebnih sklopova. Odgovorni sklopovi za navedeno funkcionisanje su sklop za odmotavanje etikete sa kotura, transfer valjci, sistem za foto detekciju markica, sklop za odsecanje etikete pomo\u0107u specijalnog rotacioinog I staticnog noza, sklop za nano\u0161enje vrelog lepka, kao I sklop sa vacuum dobo\u0161em za preuzimanje spremne etikete I njeno dalje nano\u0161enje na bocu.[\/vc_column_text][vc_empty_space][\/vc_column][\/vc_row][vc_row][vc_column width=&#8221;2\/3&#8243;][vc_text_separator title=&#8221;TEHNI\u010cKE KARAKTERISTIKE&#8221; i_icon_fontawesome=&#8221;fas fa-file-alt&#8221; i_color=&#8221;black&#8221; border_width=&#8221;6&#8243; css_animation=&#8221;none&#8221; add_icon=&#8221;true&#8221;][vc_column_text]<\/p>\n<table width=\"720\">\n<tbody>\n<tr>\n<td>&#8211; kapacitet ma\u0161ine<\/td>\n<td width=\"392\">Q = 12000 boca \/ \u010das &#8211; okrugle boce<\/td>\n<\/tr>\n<tr>\n<td width=\"328\">&#8211; kapacitet ma\u0161ine<\/td>\n<td width=\"392\">Q = 9000 boca \/ \u010das &#8211; pravougaone i druge boce<\/td>\n<\/tr>\n<tr>\n<td width=\"328\">&#8211; format boce<\/td>\n<td width=\"392\">0,2 &#8211; 2,5 L<\/td>\n<\/tr>\n<tr>\n<td width=\"328\">&#8211; instalisana snaga<\/td>\n<td width=\"392\">P = 22 kW<\/td>\n<\/tr>\n<tr>\n<td width=\"328\">&#8211; nazivni napon<\/td>\n<td width=\"392\">U = 3 x 380 \u0412 ; 50 Hz<\/td>\n<\/tr>\n<tr>\n<td width=\"328\">&#8211; nazivni pritisak<\/td>\n<td width=\"392\">6 bar &#8211; a<\/td>\n<\/tr>\n<tr>\n<td width=\"328\">&#8211; potro\u0161nja vazduha<\/td>\n<td width=\"392\">200 L \/ min<\/td>\n<\/tr>\n<tr>\n<td width=\"328\">&#8211; kvalitet vazduha<\/td>\n<td width=\"392\">klasa 6<\/td>\n<\/tr>\n<tr>\n<td width=\"328\">&#8211; filteri vazduha<\/td>\n<td width=\"392\">35 &#8211; 50 mkm<\/td>\n<\/tr>\n<tr>\n<td width=\"328\">&#8211; vrsta etikete<\/td>\n<td width=\"392\">PP &#8211; polipropilen<\/td>\n<\/tr>\n<tr>\n<td width=\"328\">&#8211; spoljni pre\u010dnik etikete<\/td>\n<td width=\"392\">600 mm<\/td>\n<\/tr>\n<tr>\n<td width=\"328\">&#8211; unutra\u0161nji pre\u010dnik etikete<\/td>\n<td width=\"392\">152 mm<\/td>\n<\/tr>\n<tr>\n<td width=\"328\">&#8211; dimenzija: pre\u010dnik<\/td>\n<td width=\"392\">min 52 mm, max 115 mm<\/td>\n<\/tr>\n<tr>\n<td width=\"328\">&#8211; dimenzija: visina<\/td>\n<td width=\"392\">min 150 mm, max 370 mm<\/td>\n<\/tr>\n<tr>\n<td width=\"328\">&#8211; \u0161irina etikete<\/td>\n<td width=\"392\">min 50 mm, max 175 mm<\/td>\n<\/tr>\n<tr>\n<td width=\"328\">&#8211; du\u017eina etikete<\/td>\n<td width=\"392\">min 200 mm, max 375 mm<\/td>\n<\/tr>\n<tr>\n<td width=\"328\">&#8211; debljina etikete<\/td>\n<td width=\"392\">35 &#8211; 45 mkm<\/td>\n<\/tr>\n<tr>\n<td width=\"328\">&#8211; vrsta i temperatura lepka<\/td>\n<td width=\"392\">hot melt &#8211; 120 do 160 \u00b0C<\/td>\n<\/tr>\n<tr>\n<td width=\"328\">&#8211; dimenzija ma\u0161ine ( \u0160 + D + V )<\/td>\n<td width=\"392\">2800 x 2600 x 2700 mm<\/td>\n<\/tr>\n<tr>\n<td width=\"328\">&#8211; masa ma\u0161ine<\/td>\n<td width=\"392\">M = 3550 Kg<\/td>\n<\/tr>\n<\/tbody>\n<\/table>\n<p>[\/vc_column_text][\/vc_column][vc_column width=&#8221;1\/3&#8243;][vc_text_separator title=&#8221;TEHNI\u010cKA DOKUMENTACIJA&#8221; i_icon_fontawesome=&#8221;fas fa-file-pdf&#8221; i_color=&#8221;pink&#8221; border_width=&#8221;6&#8243; add_icon=&#8221;true&#8221;][vc_message message_box_color=&#8221;green&#8221; icon_fontawesome=&#8221;far fa-file-pdf&#8221;]<a href=\"https:\/\/www.pakpromet.com\/wp-content\/uploads\/2021\/06\/38.ETPAK-RF-srb-eng-rus.pdf\" target=\"_blank\" rel=\"noopener\">Preuzmite bro\u0161uru<\/a>[\/vc_message][\/vc_column][\/vc_row][vc_row][vc_column][vc_empty_space][vc_images_carousel images=&#8221;7014,7015,7016,7017,7018,7019,7020,7021&#8243; img_size=&#8221;full&#8221; speed=&#8221;2000&#8243; slides_per_view=&#8221;2&#8243; autoplay=&#8221;yes&#8221; hide_pagination_control=&#8221;yes&#8221; wrap=&#8221;yes&#8221;][\/vc_column][\/vc_row]<\/p>\n","protected":false},"excerpt":{"rendered":"<p>[vc_row][vc_column][vc_column_text] ETPAK RF &#8211; Roll Feed [\/vc_column_text][vc_empty_space height=&#8221;50px&#8221;][\/vc_column][\/vc_row][vc_row][vc_column][vc_text_separator title=&#8221;NAMENA MA\u0160INE&#8221; title_align=&#8221;separator_align_left&#8221; border_width=&#8221;6&#8243; el_class=&#8221;bold&#8221;][vc_empty_space][vc_column_text]Ma\u0161ina ETPAK RF &#8211; Roll Feed je namenjena za nano\u0161enje PP etikete na ve\u0107 napunjene I zatvorene boce. Predstavlja jednu od ma\u0161ina koje formiraju liniju u punjenju, zatvaranju, etiketiranju i formiranju zbirnog pakovanja proizvoda. U zavisnosti od potrebe tr\u017ei\u0161ta ma\u0161ina se mo\u017ee koristiti [&hellip;]<\/p>\n","protected":false},"author":1,"featured_media":0,"parent":0,"menu_order":0,"comment_status":"closed","ping_status":"closed","template":"","meta":{"footnotes":""},"class_list":["post-4589","page","type-page","status-publish","hentry","no-thumb"],"_links":{"self":[{"href":"https:\/\/www.pakpromet.com\/index.php\/wp-json\/wp\/v2\/pages\/4589","targetHints":{"allow":["GET"]}}],"collection":[{"href":"https:\/\/www.pakpromet.com\/index.php\/wp-json\/wp\/v2\/pages"}],"about":[{"href":"https:\/\/www.pakpromet.com\/index.php\/wp-json\/wp\/v2\/types\/page"}],"author":[{"embeddable":true,"href":"https:\/\/www.pakpromet.com\/index.php\/wp-json\/wp\/v2\/users\/1"}],"replies":[{"embeddable":true,"href":"https:\/\/www.pakpromet.com\/index.php\/wp-json\/wp\/v2\/comments?post=4589"}],"version-history":[{"count":11,"href":"https:\/\/www.pakpromet.com\/index.php\/wp-json\/wp\/v2\/pages\/4589\/revisions"}],"predecessor-version":[{"id":8092,"href":"https:\/\/www.pakpromet.com\/index.php\/wp-json\/wp\/v2\/pages\/4589\/revisions\/8092"}],"wp:attachment":[{"href":"https:\/\/www.pakpromet.com\/index.php\/wp-json\/wp\/v2\/media?parent=4589"}],"curies":[{"name":"wp","href":"https:\/\/api.w.org\/{rel}","templated":true}]}}