{"id":4687,"date":"2021-06-09T01:32:27","date_gmt":"2021-06-08T23:32:27","guid":{"rendered":"https:\/\/www.pakpromet.com\/?page_id=4687"},"modified":"2021-10-02T22:06:59","modified_gmt":"2021-10-02T20:06:59","slug":"monopak-1500-3000-10-p","status":"publish","type":"page","link":"https:\/\/www.pakpromet.com\/index.php\/monopak-1500-3000-10-p\/","title":{"rendered":"MONOPAK 1500 \u2013 3000 10 P"},"content":{"rendered":"<p>[vc_row][vc_column][vc_column_text]<\/p>\n<h1 style=\"text-align: center;\"><strong>MONOPAK 1500 \u2013 3000 10 P<\/strong><\/h1>\n<p>[\/vc_column_text][vc_empty_space height=&#8221;50px&#8221;][\/vc_column][\/vc_row][vc_row][vc_column][vc_text_separator title=&#8221;NAMENA MA\u0160INE&#8221; title_align=&#8221;separator_align_left&#8221; border_width=&#8221;6&#8243; el_class=&#8221;bold&#8221;][vc_empty_space][vc_column_text]MONOPAK 1500 &#8211; 3000 10 P &#8211; je automatska ma\u0161ina za pakovanje te\u010dnih proizvoda i kremova u polistirenske posude koje se zatvaraju polistirenskim usko\u010dnim poklopcima. Najmasovniju primenu ova ma\u0161ina ima na linijama za pakovanje kiselomle\u010dnih proizvoda u zapreminama od 0,70 do 1,00 litara u posude sa usko\u010dnim poklopcem, kapaciteta do 3000 komada na sat.<\/p>\n<p>Koncepcija ma\u0161ine je takva da se u automatskom ciklusu obavljaju sinhronizovane funkcije: uzimanje posuda iz \u0161ar\u017eera, doziranje sa odmeravanjem, uzimanje poklopaca iz \u0161ar\u017eera, spu\u0161tanje poklopaca, nabijanje poklopaca, ink-jet datumiranje i odlaganje punih zatvorenih \u010da\u0161a na prihvatni sto.[\/vc_column_text][vc_empty_space][vc_video link=&#8221;https:\/\/youtu.be\/kDAVfqC33FA&#8221; el_width=&#8221;70&#8243; align=&#8221;center&#8221;][vc_empty_space][vc_video link=&#8221;https:\/\/youtu.be\/xZepUlucMEg&#8221; el_width=&#8221;70&#8243; align=&#8221;center&#8221;][vc_empty_space][vc_text_separator title=&#8221;TEHNI\u010cKI OPIS&#8221; title_align=&#8221;separator_align_left&#8221; border_width=&#8221;6&#8243; el_class=&#8221;bold&#8221;][vc_empty_space][vc_column_text]Ova jednoredna ili dvoredna, linijska horizontalna ma\u0161ina radi u taktnom re\u017eimu rada, i prema vrsti pogona i na\u010dinu funkcionisanja predstavlja kombinaciju mehani\u010dkih i pneumatskih mehanizama &#8211; modula. Ma\u0161inu pogoni motoreduktor, koji preko razdelnika pogona pokre\u0107e glavno vratilo ma\u0161ine, kao i kora\u010dni reduktor transportera. Na razdelnom reduktoru se nalazi lan\u010danik sa sigurnosnom \u010divijom, koji \u010duva ma\u0161inu od preoptere\u0107enja. Ulogu me\u0111ufaznog povezivanja svih elemenata ciklusa ma\u0161ine vr\u0161i transporter, koji prenosi \u010da\u0161e od jednog mehanizma do drugog, sve do izbaciva\u010da \u010da\u0161a koji ih iznosi na prihvatni sto odakle ih radnik skuplja i zbirno pakuje. Transportna traka se sastoji od dva \u0161arnirna lanca, sa specijalnim &#8220;gura\u010dima&#8221;, koji obezbe\u0111uju precizno pozicioniranje posuda u toku ciklusa. Transporter je postavljen na sopstvenom postolju u kome se nalazi mehanizam za podizanje i spu\u0161tanje, kojim se pode\u0161ava visina trake u odnosu na visinu posude koja se puni. Kada se pune posuda od 0,7 litara transporter se postavlja u gornji polo\u017eaj, dok se za litarske posude spu\u0161ta dole. Pogon podiza\u010da je elektromotorni.<\/p>\n<p>Doziranje je klipno, sa zapreminskim odmeravanjem koli\u010dine, a napajanje dozatora se vr\u0161i iz dozirnog lonca koji se nalazi na ma\u0161ini. Pranje CIP je kompletno automatizoavano.[\/vc_column_text][vc_empty_space][\/vc_column][\/vc_row][vc_row][vc_column width=&#8221;2\/3&#8243;][vc_text_separator title=&#8221;TEHNI\u010cKE KARAKTERISTIKE&#8221; i_icon_fontawesome=&#8221;fas fa-file-alt&#8221; i_color=&#8221;black&#8221; border_width=&#8221;6&#8243; css_animation=&#8221;none&#8221; add_icon=&#8221;true&#8221;][vc_column_text]<\/p>\n<table width=\"606\">\n<tbody>\n<tr>\n<td width=\"264\">&#8211; kapacitet ma\u0161ine<\/td>\n<td width=\"341\">Q = 1500 &#8211; 3000\u00a0posuda \/ h<\/td>\n<\/tr>\n<tr>\n<td width=\"264\">&#8211;\u00a0opseg doziranja<\/td>\n<td width=\"341\">0,70 &#8211; 1,00 l<\/td>\n<\/tr>\n<tr>\n<td width=\"264\">&#8211;\u00a0instalisana snaga<\/td>\n<td width=\"341\">Pi = 0,75 &#8211; 1,30 Kw<\/td>\n<\/tr>\n<tr>\n<td width=\"264\">&#8211;\u00a0nazivni napon<\/td>\n<td width=\"341\">U = 3 x 380\u00a0v\u00a0 50\u00a0Hz<\/td>\n<\/tr>\n<tr>\n<td width=\"264\">&#8211;\u00a0nazivni pritisak<\/td>\n<td width=\"341\">P = 6 &#8211; 8 bar<\/td>\n<\/tr>\n<tr>\n<td width=\"264\">&#8211;\u00a0potro\u0161nja vazduha (na 6 bar-a)<\/td>\n<td width=\"341\">850 Nl \/ min<\/td>\n<\/tr>\n<tr>\n<td width=\"264\">&#8211;\u00a0dimenzije ma\u0161ine D x \u0160 x V<\/td>\n<td width=\"341\">3100 (3300) x 1200 (1400) x 2700 mm<\/td>\n<\/tr>\n<tr>\n<td width=\"264\">&#8211;\u00a0masa ma\u0161ine<\/td>\n<td width=\"341\">M = 1250 &#8211; 1430 Kg<\/td>\n<\/tr>\n<tr>\n<td width=\"264\">&#8211;\u00a0pre\u010dnik venca\u00a0 posuda<\/td>\n<td width=\"341\">D =\u00a0po uzorku<\/td>\n<\/tr>\n<\/tbody>\n<\/table>\n<p>[\/vc_column_text][\/vc_column][vc_column width=&#8221;1\/3&#8243;][vc_text_separator title=&#8221;TEHNI\u010cKA DOKUMENTACIJA&#8221; i_icon_fontawesome=&#8221;fas fa-file-pdf&#8221; i_color=&#8221;pink&#8221; border_width=&#8221;6&#8243; add_icon=&#8221;true&#8221;][vc_message message_box_color=&#8221;green&#8221; icon_fontawesome=&#8221;far fa-file-pdf&#8221;]<a href=\"https:\/\/www.pakpromet.com\/wp-content\/uploads\/2021\/06\/04.14.MONOPAK-1500-10-P.pdf\" target=\"_blank\" rel=\"noopener\">Preuzmite bro\u0161uru MONOPAK 1500 10 P<\/a>[\/vc_message][vc_message message_box_color=&#8221;green&#8221; icon_fontawesome=&#8221;far fa-file-pdf&#8221;]<a href=\"https:\/\/www.pakpromet.com\/wp-content\/uploads\/2021\/06\/04.14.MONOPAK-1500-10-P.pdf\" target=\"_blank\" rel=\"noopener\">Preuzmite bro\u0161uru MONOPAK 3000 10 P<\/a>[\/vc_message][\/vc_column][\/vc_row][vc_row][vc_column][vc_empty_space][vc_images_carousel images=&#8221;7121,7122,7123,7124,7125,7126,7127,7128&#8243; img_size=&#8221;full&#8221; speed=&#8221;2000&#8243; slides_per_view=&#8221;2&#8243; autoplay=&#8221;yes&#8221; hide_pagination_control=&#8221;yes&#8221; wrap=&#8221;yes&#8221;][\/vc_column][\/vc_row]<\/p>\n","protected":false},"excerpt":{"rendered":"<p>[vc_row][vc_column][vc_column_text] MONOPAK 1500 \u2013 3000 10 P [\/vc_column_text][vc_empty_space height=&#8221;50px&#8221;][\/vc_column][\/vc_row][vc_row][vc_column][vc_text_separator title=&#8221;NAMENA MA\u0160INE&#8221; title_align=&#8221;separator_align_left&#8221; border_width=&#8221;6&#8243; el_class=&#8221;bold&#8221;][vc_empty_space][vc_column_text]MONOPAK 1500 &#8211; 3000 10 P &#8211; je automatska ma\u0161ina za pakovanje te\u010dnih proizvoda i kremova u polistirenske posude koje se zatvaraju polistirenskim usko\u010dnim poklopcima. Najmasovniju primenu ova ma\u0161ina ima na linijama za pakovanje kiselomle\u010dnih proizvoda u zapreminama od 0,70 do 1,00 [&hellip;]<\/p>\n","protected":false},"author":1,"featured_media":0,"parent":0,"menu_order":0,"comment_status":"closed","ping_status":"closed","template":"","meta":{"footnotes":""},"class_list":["post-4687","page","type-page","status-publish","hentry","no-thumb"],"_links":{"self":[{"href":"https:\/\/www.pakpromet.com\/index.php\/wp-json\/wp\/v2\/pages\/4687","targetHints":{"allow":["GET"]}}],"collection":[{"href":"https:\/\/www.pakpromet.com\/index.php\/wp-json\/wp\/v2\/pages"}],"about":[{"href":"https:\/\/www.pakpromet.com\/index.php\/wp-json\/wp\/v2\/types\/page"}],"author":[{"embeddable":true,"href":"https:\/\/www.pakpromet.com\/index.php\/wp-json\/wp\/v2\/users\/1"}],"replies":[{"embeddable":true,"href":"https:\/\/www.pakpromet.com\/index.php\/wp-json\/wp\/v2\/comments?post=4687"}],"version-history":[{"count":12,"href":"https:\/\/www.pakpromet.com\/index.php\/wp-json\/wp\/v2\/pages\/4687\/revisions"}],"predecessor-version":[{"id":7129,"href":"https:\/\/www.pakpromet.com\/index.php\/wp-json\/wp\/v2\/pages\/4687\/revisions\/7129"}],"wp:attachment":[{"href":"https:\/\/www.pakpromet.com\/index.php\/wp-json\/wp\/v2\/media?parent=4687"}],"curies":[{"name":"wp","href":"https:\/\/api.w.org\/{rel}","templated":true}]}}