{"id":4781,"date":"2021-06-10T13:27:30","date_gmt":"2021-06-10T11:27:30","guid":{"rendered":"https:\/\/www.pakpromet.com\/?page_id=4781"},"modified":"2021-11-20T17:04:22","modified_gmt":"2021-11-20T16:04:22","slug":"monopak-1000-tf-up","status":"publish","type":"page","link":"https:\/\/www.pakpromet.com\/index.php\/monopak-1000-tf-up\/","title":{"rendered":"MONOPAK 1000 TF UP"},"content":{"rendered":"<p>[vc_row][vc_column][vc_column_text]<\/p>\n<h1 style=\"text-align: center;\"><strong>MONOPAK 1000 TF UP<\/strong><\/h1>\n<p>[\/vc_column_text][vc_empty_space height=&#8221;50px&#8221;][\/vc_column][\/vc_row][vc_row][vc_column][vc_text_separator title=&#8221;NAMENA MA\u0160INE&#8221; title_align=&#8221;separator_align_left&#8221; border_width=&#8221;6&#8243; el_class=&#8221;bold&#8221;][vc_empty_space][vc_column_text]Ma\u0161ina za punjenje MONOPAK 1000 TF UP je poluautomatska ma\u0161ina koja ve\u0107 napunjene polistirenske ili polipropilenske posude termovari PP folijom i nabacuje usko\u010dni poklopac.<\/p>\n<p>Najmasovniju primenu ova ma\u0161ina ima na linijama za pakovanje kiselomle\u010dnih proizvoda, kajmaka, fete sireva, u zapreminama od 0,20 do 1,00 litara. Ma\u0161ina se mo\u017ee raditi sa vi\u0161e razli\u010ditih pre\u010dnika posude. Prelazak sa jednog pakovanja na drugo traje do 10 (deset) minuta<\/p>\n<p>Koncepcija ma\u0161ine je takva, da se u poluautomatskom ciklusu obavljaju sinhronizovane funkcije: ru\u010dno spu\u0161tanje napunjenih posuda u le\u017ei\u0161te transportne trake, termovarenje sa PP folijom, spu\u0161tanje i nabijanje usko\u010dnih poklopaca i izno\u0161enje na prihvatni sto.[\/vc_column_text][vc_empty_space][vc_video link=&#8221;https:\/\/youtu.be\/FZzMHo1aZl8&#8243; el_width=&#8221;80&#8243; align=&#8221;center&#8221;][vc_empty_space][vc_text_separator title=&#8221;TEHNI\u010cKI OPIS&#8221; title_align=&#8221;separator_align_left&#8221; border_width=&#8221;6&#8243; el_class=&#8221;bold&#8221;][vc_empty_space][vc_column_text]Ova jednoredna, linijska horizontalna ma\u0161ina radi u taktnom re\u017eimu rada, i prema vrsti pogona i na\u010dinu funkcionisanja predstavlja kombinaciju mehani\u010dkih i pneumatskih mehanizama &#8211; modula. Ma\u0161inu pogoni motoreduktor, koji preko razdelnika pogona pokre\u0107e glavno vratilo ma\u0161ine, kao i kora\u010dni reduktor transportera. Na razdelnom reduktoru se nalazi lan\u010danik sa sigurnosnom \u010divijom, koji \u010duva ma\u0161inu od preoptere\u0107enja. Ulogu me\u0111ufaznog povezivanja svih elemenata ciklusa ma\u0161ine vr\u0161i transporter (automatsko podmazivanje lanca), koji prenosi posude od jednog mehanizma do drugog, sve do izbaciva\u010da posuda koji ih iznosi na prihvatni sto odakle ih radnik skuplja i zbirno pakuje.<\/p>\n<p>Posle termovara na ma\u0161ini se montira ink-jet \u0161tampa\u010d, a u idu\u0107oj fazi uzimanje i nabacivanje usko\u010dnog poklopca. Postolje ma\u0161ine, za\u0161titne obloge, i ostali elementi koji dolaze u kontakt sa materijom koja se pakuje su izra\u0111eni od ner\u0111aju\u0107eg \u010delika.[\/vc_column_text][vc_empty_space][\/vc_column][\/vc_row][vc_row][vc_column width=&#8221;2\/3&#8243;][vc_text_separator title=&#8221;TEHNI\u010cKE KARAKTERISTIKE&#8221; i_icon_fontawesome=&#8221;fas fa-file-alt&#8221; i_color=&#8221;black&#8221; border_width=&#8221;6&#8243; css_animation=&#8221;none&#8221; add_icon=&#8221;true&#8221;][vc_column_text]<\/p>\n<table width=\"500\">\n<tbody>\n<tr>\n<td width=\"264\">&#8211;\u00a0kapacitet ma\u0161ine<\/td>\n<td width=\"236\">Q = 1000 posuda \/ h<\/td>\n<\/tr>\n<tr>\n<td width=\"264\">&#8211;\u00a0opseg doziranja<\/td>\n<td width=\"236\">0,20 &#8211; 1,00 l<\/td>\n<\/tr>\n<tr>\n<td width=\"264\">&#8211;\u00a0instalisana snaga<\/td>\n<td width=\"236\">Pi = 1,75 kW<\/td>\n<\/tr>\n<tr>\n<td width=\"264\">&#8211;\u00a0nazivni napon<\/td>\n<td width=\"236\">3 x 380 V\u00a0 50 Hz<\/td>\n<\/tr>\n<tr>\n<td width=\"264\">&#8211;\u00a0nazivni pritisak<\/td>\n<td width=\"236\">P = 6 &#8211; 8 bar<\/td>\n<\/tr>\n<tr>\n<td width=\"264\">&#8211;\u00a0potro\u0161nja vazduha (na 6 bar-a)<\/td>\n<td width=\"236\">150 Nl \/ min<\/td>\n<\/tr>\n<tr>\n<td width=\"264\">&#8211;\u00a0dimenzije ma\u0161ine D x \u0160 x V<\/td>\n<td width=\"236\">3200 x 1000 x 1800 mm<\/td>\n<\/tr>\n<tr>\n<td width=\"264\">&#8211;\u00a0masa ma\u0161ine<\/td>\n<td width=\"236\">M = 1190 Kg<\/td>\n<\/tr>\n<tr>\n<td width=\"264\">&#8211;\u00a0pre\u010dnik venca\u00a0 \u010da\u0161e za termovar<\/td>\n<td width=\"236\">D = po uzorku<\/td>\n<\/tr>\n<\/tbody>\n<\/table>\n<p>[\/vc_column_text][\/vc_column][vc_column width=&#8221;1\/3&#8243;][vc_text_separator title=&#8221;TEHNI\u010cKA DOKUMENTACIJA&#8221; i_icon_fontawesome=&#8221;fas fa-file-pdf&#8221; i_color=&#8221;pink&#8221; border_width=&#8221;6&#8243; add_icon=&#8221;true&#8221;][vc_message message_box_color=&#8221;green&#8221; icon_fontawesome=&#8221;far fa-file-pdf&#8221;]<a href=\"https:\/\/www.pakpromet.com\/wp-content\/uploads\/2021\/06\/MONOPAK-1000-TF-UP-srb-eng-rus-Model.pdf\" target=\"_blank\" rel=\"noopener\">Preuzmite bro\u0161uru<\/a>[\/vc_message][\/vc_column][\/vc_row][vc_row][vc_column][vc_empty_space][vc_images_carousel images=&#8221;7233,7234,7235,7236,7237,7238,7239,7240,7241&#8243; img_size=&#8221;full&#8221; speed=&#8221;2000&#8243; slides_per_view=&#8221;2&#8243; autoplay=&#8221;yes&#8221; hide_pagination_control=&#8221;yes&#8221; wrap=&#8221;yes&#8221;][\/vc_column][\/vc_row]<\/p>\n","protected":false},"excerpt":{"rendered":"<p>[vc_row][vc_column][vc_column_text] MONOPAK 1000 TF UP [\/vc_column_text][vc_empty_space height=&#8221;50px&#8221;][\/vc_column][\/vc_row][vc_row][vc_column][vc_text_separator title=&#8221;NAMENA MA\u0160INE&#8221; title_align=&#8221;separator_align_left&#8221; border_width=&#8221;6&#8243; el_class=&#8221;bold&#8221;][vc_empty_space][vc_column_text]Ma\u0161ina za punjenje MONOPAK 1000 TF UP je poluautomatska ma\u0161ina koja ve\u0107 napunjene polistirenske ili polipropilenske posude termovari PP folijom i nabacuje usko\u010dni poklopac. Najmasovniju primenu ova ma\u0161ina ima na linijama za pakovanje kiselomle\u010dnih proizvoda, kajmaka, fete sireva, u zapreminama od 0,20 do 1,00 [&hellip;]<\/p>\n","protected":false},"author":1,"featured_media":0,"parent":0,"menu_order":0,"comment_status":"closed","ping_status":"closed","template":"","meta":{"footnotes":""},"class_list":["post-4781","page","type-page","status-publish","hentry","no-thumb"],"_links":{"self":[{"href":"https:\/\/www.pakpromet.com\/index.php\/wp-json\/wp\/v2\/pages\/4781","targetHints":{"allow":["GET"]}}],"collection":[{"href":"https:\/\/www.pakpromet.com\/index.php\/wp-json\/wp\/v2\/pages"}],"about":[{"href":"https:\/\/www.pakpromet.com\/index.php\/wp-json\/wp\/v2\/types\/page"}],"author":[{"embeddable":true,"href":"https:\/\/www.pakpromet.com\/index.php\/wp-json\/wp\/v2\/users\/1"}],"replies":[{"embeddable":true,"href":"https:\/\/www.pakpromet.com\/index.php\/wp-json\/wp\/v2\/comments?post=4781"}],"version-history":[{"count":12,"href":"https:\/\/www.pakpromet.com\/index.php\/wp-json\/wp\/v2\/pages\/4781\/revisions"}],"predecessor-version":[{"id":8163,"href":"https:\/\/www.pakpromet.com\/index.php\/wp-json\/wp\/v2\/pages\/4781\/revisions\/8163"}],"wp:attachment":[{"href":"https:\/\/www.pakpromet.com\/index.php\/wp-json\/wp\/v2\/media?parent=4781"}],"curies":[{"name":"wp","href":"https:\/\/api.w.org\/{rel}","templated":true}]}}