{"id":5362,"date":"2021-07-10T08:53:56","date_gmt":"2021-07-10T06:53:56","guid":{"rendered":"https:\/\/www.pakpromet.com\/?page_id=5362"},"modified":"2021-11-16T01:50:15","modified_gmt":"2021-11-16T00:50:15","slug":"kz-800-d","status":"publish","type":"page","link":"https:\/\/www.pakpromet.com\/index.php\/kz-800-d\/","title":{"rendered":"KZ 800 D"},"content":{"rendered":"<p>[vc_row][vc_column][vc_column_text]<\/p>\n<h1 style=\"text-align: center;\"><strong>KZ 800 D<\/strong><\/h1>\n<p>[\/vc_column_text][vc_empty_space][\/vc_column][\/vc_row][vc_row][vc_column][vc_text_separator title=&#8221;NAMENA URE\u0110AJA&#8221; title_align=&#8221;separator_align_left&#8221; border_width=&#8221;6&#8243; el_class=&#8221;bold&#8221;][vc_empty_space][vc_column_text]Ovaj ure\u0111aj je namenjen za odmeravanje, doziranje i pakovanje te\u010dnosti u polistirenske i polipropilenske \u010da\u0161ice, u zapreminama od 100 do 500 mililitara, koje se na samom ure\u0111aju zatvaraju aluminijumskim poklopcima. Konstruisana je za doziranje kiselomle\u010dnih proizvoda, a mo\u017ee se koristiti i za druge materije, kako u prehrambenoj, tako i u drugim industrijama.<\/p>\n<p>Mo\u017ee se izraditi za razne vrste ambala\u017ee, naj\u010de\u0161\u0107e je to za \u010da\u0161u \u03a6 75 ili za \u010da\u0161u \u03a6 95 ili za obe \u010da\u0161e ( \u03a6 75 i \u03a6 95 ).[\/vc_column_text][vc_empty_space][vc_video link=&#8221;https:\/\/youtu.be\/W5ULqmIXusw&#8221; el_width=&#8221;80&#8243; align=&#8221;center&#8221;][vc_empty_space][vc_text_separator title=&#8221;TEHNI\u010cKI OPIS&#8221; title_align=&#8221;separator_align_left&#8221; border_width=&#8221;6&#8243; el_class=&#8221;bold&#8221;][vc_empty_space][vc_column_text]Ure\u0111aj KZ 800 D je koncipiran kao horizontalni jednoredni rotacioni poluautomat sa ru\u010dnim upravlja\u010dkim i pogonskim elementima, sa ru\u010dnim startovanjem svakog pojedina\u010dnog ciklusa.<\/p>\n<p>Dozirni sistem je izveden kao vremenski zapreminski mehanizam, sa automatskim od\u017eavanjem nivoa te\u010dnosti u dozirnom loncu ma\u0161ine, \u0161to omogu\u0107ava veliku preciznost i ponovljivost odmerene koli\u010dine.<\/p>\n<p>U proizvodnom programu je i verzija sa klipnim dozatorom i zakretnim dozirnim ventilom, pogodna za doziranje kremova i pastoznih materija (tip KZ 800 DK).[\/vc_column_text][vc_empty_space][\/vc_column][\/vc_row][vc_row][vc_column width=&#8221;2\/3&#8243;][vc_text_separator title=&#8221;TEHNI\u010cKE KARAKTERISTIKE&#8221; i_icon_fontawesome=&#8221;fas fa-file-alt&#8221; i_color=&#8221;black&#8221; border_width=&#8221;6&#8243; css_animation=&#8221;none&#8221; add_icon=&#8221;true&#8221;][vc_column_text]<\/p>\n<table width=\"623\">\n<tbody>\n<tr>\n<td width=\"306\">&#8211; kapacitet ma\u0161ine<\/td>\n<td width=\"317\">Q = 800 jedinica \/ h<\/td>\n<\/tr>\n<tr>\n<td width=\"306\">&#8211; opseg doziranja<\/td>\n<td width=\"317\">0,10 &#8211; 0,50 litar<\/td>\n<\/tr>\n<tr>\n<td width=\"306\">&#8211; instalisana snaga<\/td>\n<td width=\"317\">P = 0.85 k W<\/td>\n<\/tr>\n<tr>\n<td width=\"306\">&#8211; nazivni napon<\/td>\n<td width=\"317\">U = 220 V ; 50 Hz<\/td>\n<\/tr>\n<tr>\n<td width=\"306\">&#8211; dimenzije ma\u0161ine D x \u0160 x V<\/td>\n<td width=\"317\">900 x 500 x 1000<\/td>\n<\/tr>\n<tr>\n<td width=\"306\">&#8211; masa ma\u0161ine<\/td>\n<td width=\"317\">M = 110 kg<\/td>\n<\/tr>\n<tr>\n<td width=\"306\">&#8211; pre\u010dnik venca \u010da\u0161ice<\/td>\n<td width=\"317\">Po uzorku<\/td>\n<\/tr>\n<\/tbody>\n<\/table>\n<p>[\/vc_column_text][\/vc_column][vc_column width=&#8221;1\/3&#8243;][vc_text_separator title=&#8221;TEHNI\u010cKA DOKUMENTACIJA&#8221; i_icon_fontawesome=&#8221;fas fa-file-pdf&#8221; i_color=&#8221;pink&#8221; border_width=&#8221;6&#8243; add_icon=&#8221;true&#8221;][vc_message message_box_color=&#8221;green&#8221; icon_fontawesome=&#8221;far fa-file-pdf&#8221;]<a href=\"https:\/\/www.pakpromet.com\/wp-content\/uploads\/2021\/07\/10.1.KZ-800-D.pdf\">Preuzmite bro\u0161uru KZ 800 D<\/a>[\/vc_message][vc_message message_box_color=&#8221;green&#8221; icon_fontawesome=&#8221;far fa-file-pdf&#8221;]<a href=\"https:\/\/www.pakpromet.com\/wp-content\/uploads\/2021\/07\/10.1.KZ-800-DK.pdf\" target=\"_blank\" rel=\"noopener\">Preuzmite bro\u0161uru KZ 800 DK<\/a>[\/vc_message][\/vc_column][\/vc_row][vc_row][vc_column][vc_empty_space][vc_images_carousel images=&#8221;7346,7347,7348,7349,7350&#8243; img_size=&#8221;full&#8221; speed=&#8221;2000&#8243; slides_per_view=&#8221;2&#8243; autoplay=&#8221;yes&#8221; hide_pagination_control=&#8221;yes&#8221; wrap=&#8221;yes&#8221;][\/vc_column][\/vc_row]<\/p>\n","protected":false},"excerpt":{"rendered":"<p>[vc_row][vc_column][vc_column_text] KZ 800 D [\/vc_column_text][vc_empty_space][\/vc_column][\/vc_row][vc_row][vc_column][vc_text_separator title=&#8221;NAMENA URE\u0110AJA&#8221; title_align=&#8221;separator_align_left&#8221; border_width=&#8221;6&#8243; el_class=&#8221;bold&#8221;][vc_empty_space][vc_column_text]Ovaj ure\u0111aj je namenjen za odmeravanje, doziranje i pakovanje te\u010dnosti u polistirenske i polipropilenske \u010da\u0161ice, u zapreminama od 100 do 500 mililitara, koje se na samom ure\u0111aju zatvaraju aluminijumskim poklopcima. Konstruisana je za doziranje kiselomle\u010dnih proizvoda, a mo\u017ee se koristiti i za druge materije, kako u [&hellip;]<\/p>\n","protected":false},"author":1,"featured_media":0,"parent":0,"menu_order":0,"comment_status":"closed","ping_status":"closed","template":"","meta":{"footnotes":""},"class_list":["post-5362","page","type-page","status-publish","hentry","no-thumb"],"_links":{"self":[{"href":"https:\/\/www.pakpromet.com\/index.php\/wp-json\/wp\/v2\/pages\/5362","targetHints":{"allow":["GET"]}}],"collection":[{"href":"https:\/\/www.pakpromet.com\/index.php\/wp-json\/wp\/v2\/pages"}],"about":[{"href":"https:\/\/www.pakpromet.com\/index.php\/wp-json\/wp\/v2\/types\/page"}],"author":[{"embeddable":true,"href":"https:\/\/www.pakpromet.com\/index.php\/wp-json\/wp\/v2\/users\/1"}],"replies":[{"embeddable":true,"href":"https:\/\/www.pakpromet.com\/index.php\/wp-json\/wp\/v2\/comments?post=5362"}],"version-history":[{"count":9,"href":"https:\/\/www.pakpromet.com\/index.php\/wp-json\/wp\/v2\/pages\/5362\/revisions"}],"predecessor-version":[{"id":8127,"href":"https:\/\/www.pakpromet.com\/index.php\/wp-json\/wp\/v2\/pages\/5362\/revisions\/8127"}],"wp:attachment":[{"href":"https:\/\/www.pakpromet.com\/index.php\/wp-json\/wp\/v2\/media?parent=5362"}],"curies":[{"name":"wp","href":"https:\/\/api.w.org\/{rel}","templated":true}]}}