{"id":8400,"date":"2023-01-21T23:56:17","date_gmt":"2023-01-21T22:56:17","guid":{"rendered":"https:\/\/pakpromet.com\/?page_id=8400"},"modified":"2023-01-24T00:03:59","modified_gmt":"2023-01-23T23:03:59","slug":"monopak-1500-05-3d-plus","status":"publish","type":"page","link":"https:\/\/www.pakpromet.com\/index.php\/monopak-1500-05-3d-plus\/","title":{"rendered":"MONOPAK 1500 05 3D plus"},"content":{"rendered":"<p>[vc_row][vc_column][vc_column_text]<\/p>\n<h2 style=\"text-align: center;\">MONOPAK 1500 05 3D plus<\/h2>\n<p>[\/vc_column_text][vc_text_separator title=&#8221;NAMENA MA\u0160INE&#8221; title_align=&#8221;separator_align_left&#8221; border_width=&#8221;6&#8243; el_class=&#8221;bold&#8221;][vc_empty_space][vc_column_text]<strong>MONOPAK 1500 05 3D plus<\/strong> je automatska ma\u0161ina za pakovanje pastoznih, te\u010dnih I rastresitih proizvoda u polistirenske ili polipropilenske \u010da\u0161ice. Najmasovniju primenu ova ma\u0161ina ima na linijama za pakovanje proizvoda koji se naknadno me\u0161aju pre upotrebe, u zapreminama od 0,050 do 0,250 litara.<\/p>\n<p>Koncepcija ma\u0161ine je takva, da se u automatskom ciklusu obavljaju sinhronizovane funkcije: uzimanje \u010da\u0161a iz \u0161ar\u017eera, doziranje vo\u0107a, doziranje sa odmeravanjem jogurta u istu \u010da\u0161u na vo\u0107e, uzimanje plitke \u010da\u0161e i spu\u0161tanje u postoje\u0107u, doziranje kranca u drugu pli\u0107u \u010da\u0161u, uzimanje poklopaca, zavarivanje poklopaca, i odlaganje punih zatvorenih \u010da\u0161a na prihvatni sto.<br \/>\nNivo automatizacije omogu\u0107ava minimalno anga\u017eovanje radne snage, a veliki kapacitet obezbe\u0111uje njenu brzu isplativost.[\/vc_column_text][vc_empty_space][vc_video link=&#8221;https:\/\/youtu.be\/rIIvLTIATes&#8221; el_width=&#8221;80&#8243; align=&#8221;center&#8221;][vc_empty_space][vc_text_separator title=&#8221;TEHNI\u010cKI OPIS&#8221; title_align=&#8221;separator_align_left&#8221; border_width=&#8221;6&#8243; el_class=&#8221;bold&#8221;][vc_empty_space][vc_column_text]Ova jednoredna, linijska horizontalna ma\u0161ina radi u taktnom re\u017eimu rada, I prema vrsti pogona I na\u010dinu funkcionisanja predstavlja kombinaciju mehani\u010dkih I pneumatskih mehanizama \u2013 modula.<br \/>\nUlogu me\u0111ufaznog povezivanja svih elemenata ciklusa ma\u0161ine vr\u0161i transporter, koji prenosi \u010da\u0161e od jednog mehanizma do drugog, sve do izbaciva\u010da \u010da\u0161a koji ih iznosi na prihvatni sto odakle ih radnik skuplja i zbirno pakuje.<\/p>\n<p>Doziranje vo\u0107a je klipno, sa zapreminskim odmeravanjem koli\u010dine, a napajanje dozatora se mo\u017ee vr\u0161iti i iz posebne konusnog levka koja se nalazi na ma\u0161ini.<br \/>\nDoziranje jogurta je klipno, sa zapreminskim odmeravanjem koli\u010dine, a napajanje dozatora se mo\u017ee vr\u0161iti i iz posude koja se nalazi na ma\u0161ini.<br \/>\nDoziranje kranca je sa kofi\u010dastim dozatorima sa odmeravanjem koli\u010dine, a vr\u0161i se iz levka na dozatoru.<br \/>\nPostolje ma\u0161ine, za\u0161titne obloge, i ostali elementi koji dolaze u kontakt sa materijom koja se pakuje su izra\u0111eni od ner\u0111aju\u0107eg \u010delika.<br \/>\nMa\u0161ina se isporu\u010duje sa nosa\u010dem za ink yet.<br \/>\nUz ma\u0161inu se isporu\u010duje kompletna dokumentacija (upustvo za rukovanje I odr\u017eavanje sa elektro I pneumatskim \u0161emama I uverenjima) kao I komplet rezervnih delova.<br \/>\nOvakvom koncepcijom se dobila visoka pouzdanost i jednostavnost ma\u0161ine, \u0161to se ogleda u lakom odr\u017eavanju i pode\u0161avanju, kao i kratkom vremenu servisiranja.[\/vc_column_text][vc_empty_space][\/vc_column][\/vc_row][vc_row][vc_column width=&#8221;2\/3&#8243;][vc_text_separator title=&#8221;TEHNI\u010cKE KARAKTERISTIKE&#8221; i_icon_fontawesome=&#8221;fas fa-file-alt&#8221; i_color=&#8221;black&#8221; border_width=&#8221;6&#8243; css_animation=&#8221;none&#8221; add_icon=&#8221;true&#8221;][vc_column_text]<\/p>\n<table>\n<tbody>\n<tr>\n<td width=\"319\">&#8211; kapacitet ma\u0161ine<\/td>\n<td width=\"298\">Q = 1500 \u010da\u0161a \/ h<\/td>\n<\/tr>\n<tr>\n<td width=\"319\">&#8211; opseg doziranja vo\u0107a<\/td>\n<td width=\"298\">0,010 \u2013 0,025 kg<\/td>\n<\/tr>\n<tr>\n<td width=\"319\">&#8211; opseg doziranja jogurta<\/td>\n<td width=\"298\">0,050 \u2013 0,125 l<\/td>\n<\/tr>\n<tr>\n<td width=\"319\">&#8211; opseg doziranja kran\u010da<\/td>\n<td width=\"298\">0,010 \u2013 0,025 kg<\/td>\n<\/tr>\n<tr>\n<td width=\"319\">&#8211; instalisana snaga<\/td>\n<td width=\"298\">Pi = 5,00 Kw<\/td>\n<\/tr>\n<tr>\n<td width=\"319\">&#8211; nazivni napon<\/td>\n<td width=\"298\">3 x 380 V\u00a0 50 Hz<\/td>\n<\/tr>\n<tr>\n<td width=\"319\">&#8211; nazivni pritisak<\/td>\n<td width=\"298\">p = 6 \u2013 8 bar<\/td>\n<\/tr>\n<tr>\n<td width=\"319\">&#8211; potro\u0161nja vazduha (na 6 bar-a)<\/td>\n<td width=\"298\">120 L \/ min<\/td>\n<\/tr>\n<tr>\n<td width=\"319\">&#8211; dimenzije ma\u0161ine D x \u0160 x V<\/td>\n<td width=\"298\">3300 x 1500 x 2400 mm<\/td>\n<\/tr>\n<tr>\n<td width=\"319\">&#8211; masa ma\u0161ine<\/td>\n<td width=\"298\">M = 850 Kg<\/td>\n<\/tr>\n<tr>\n<td width=\"319\">&#8211; pre\u010dnik venca\u00a0 \u010da\u0161e za termovar<\/td>\n<td width=\"298\">D = \u00c6 95 mm<\/td>\n<\/tr>\n<\/tbody>\n<\/table>\n<p>[\/vc_column_text][\/vc_column][vc_column width=&#8221;1\/3&#8243;][vc_text_separator title=&#8221;TEHNI\u010cKA DOKUMENTACIJA&#8221; i_icon_fontawesome=&#8221;fas fa-file-pdf&#8221; i_color=&#8221;pink&#8221; border_width=&#8221;6&#8243; add_icon=&#8221;true&#8221;][vc_message message_box_color=&#8221;green&#8221; icon_fontawesome=&#8221;far fa-file-pdf&#8221;]<a href=\"https:\/\/www.pakpromet.com\/wp-content\/uploads\/2023\/01\/MONOPAK-1500-05-3D-plus-srb-eng-rus.pdf\" target=\"_blank\" rel=\"noopener\">Preuzmite bro\u0161uru<\/a><\/p>\n<p>[\/vc_message][\/vc_column][\/vc_row][vc_row][vc_column][vc_empty_space][vc_images_carousel images=&#8221;8431,8432,8433,8434,8435,8436,8437,8438,8439,8440,8441,8442&#8243; img_size=&#8221;&#8221; slides_per_view=&#8221;5&#8243;][\/vc_column][\/vc_row]<\/p>\n","protected":false},"excerpt":{"rendered":"<p>[vc_row][vc_column][vc_column_text] MONOPAK 1500 05 3D plus [\/vc_column_text][vc_text_separator title=&#8221;NAMENA MA\u0160INE&#8221; title_align=&#8221;separator_align_left&#8221; border_width=&#8221;6&#8243; el_class=&#8221;bold&#8221;][vc_empty_space][vc_column_text]MONOPAK 1500 05 3D plus je automatska ma\u0161ina za pakovanje pastoznih, te\u010dnih I rastresitih proizvoda u polistirenske ili polipropilenske \u010da\u0161ice. Najmasovniju primenu ova ma\u0161ina ima na linijama za pakovanje proizvoda koji se naknadno me\u0161aju pre upotrebe, u zapreminama od 0,050 do 0,250 litara. Koncepcija [&hellip;]<\/p>\n","protected":false},"author":1,"featured_media":0,"parent":0,"menu_order":0,"comment_status":"closed","ping_status":"closed","template":"","meta":{"footnotes":""},"class_list":["post-8400","page","type-page","status-publish","hentry","no-thumb"],"_links":{"self":[{"href":"https:\/\/www.pakpromet.com\/index.php\/wp-json\/wp\/v2\/pages\/8400","targetHints":{"allow":["GET"]}}],"collection":[{"href":"https:\/\/www.pakpromet.com\/index.php\/wp-json\/wp\/v2\/pages"}],"about":[{"href":"https:\/\/www.pakpromet.com\/index.php\/wp-json\/wp\/v2\/types\/page"}],"author":[{"embeddable":true,"href":"https:\/\/www.pakpromet.com\/index.php\/wp-json\/wp\/v2\/users\/1"}],"replies":[{"embeddable":true,"href":"https:\/\/www.pakpromet.com\/index.php\/wp-json\/wp\/v2\/comments?post=8400"}],"version-history":[{"count":4,"href":"https:\/\/www.pakpromet.com\/index.php\/wp-json\/wp\/v2\/pages\/8400\/revisions"}],"predecessor-version":[{"id":8443,"href":"https:\/\/www.pakpromet.com\/index.php\/wp-json\/wp\/v2\/pages\/8400\/revisions\/8443"}],"wp:attachment":[{"href":"https:\/\/www.pakpromet.com\/index.php\/wp-json\/wp\/v2\/media?parent=8400"}],"curies":[{"name":"wp","href":"https:\/\/api.w.org\/{rel}","templated":true}]}}