{"id":8405,"date":"2023-01-22T00:09:38","date_gmt":"2023-01-21T23:09:38","guid":{"rendered":"https:\/\/pakpromet.com\/?page_id=8405"},"modified":"2026-01-10T19:35:10","modified_gmt":"2026-01-10T18:35:10","slug":"monopak-1500-3000-05-z","status":"publish","type":"page","link":"https:\/\/www.pakpromet.com\/index.php\/monopak-1500-3000-05-z\/","title":{"rendered":"MONOPAK 1500-3000 05 Z"},"content":{"rendered":"<p>[vc_row][vc_column][vc_column_text]<\/p>\n<h2 style=\"text-align: center;\">MONOPAK 1500-3000 05 Z<\/h2>\n<p>[\/vc_column_text][vc_text_separator title=&#8221;NAMENA MA\u0160INE&#8221; title_align=&#8221;separator_align_left&#8221; border_width=&#8221;6&#8243; el_class=&#8221;bold&#8221;][vc_empty_space][vc_column_text]<strong>MONOPAK 1500 &#8211; 3000 05 Z<\/strong> je automatska ma\u0161ina za pakovanje zrnastih, pra\u0161kastih i rastresitih proizvoda u polistirenske ili polipropilenske \u010da\u0161ice. Najmasovniju primenu ova ma\u0161ina ima na linijama za pakovanje suvih ili duvan \u010dvaraka I ostale sitne komandne robe<\/p>\n<p>Koncepcija ma\u0161ine je takva, da se u automatskom ciklusu obavljaju sinhronizovane funkcije: uzimanje \u010da\u0161a iz \u0161ar\u017eera, doziranje suvih \u010dvaraka sa odmeravanjem Multi Head sistemom, termovarenje sa PP folijom, spu\u0161tanje i nabijanje usko\u010dnih poklopaca, datumiranje i odlaganje punih zatvorenih \u010da\u0161a na prihvatni obrtni sto.[\/vc_column_text][vc_empty_space][vc_video link=&#8221;https:\/\/www.youtube.com\/watch?v=QRP5JKcjlac&#8221; el_width=&#8221;80&#8243; align=&#8221;center&#8221;][vc_empty_space][vc_video link=&#8221;https:\/\/www.youtube.com\/watch?v=CXh64d03Yeg&#8221; el_width=&#8221;80&#8243; align=&#8221;center&#8221;][vc_empty_space][vc_text_separator title=&#8221;TEHNI\u010cKI OPIS&#8221; title_align=&#8221;separator_align_left&#8221; border_width=&#8221;6&#8243; el_class=&#8221;bold&#8221;][vc_empty_space][vc_column_text]Ova jednoredna, linijska horizontalna ma\u0161ina radi u taktnom re\u017eimu rada, i prema vrsti pogona i na\u010dinu funkcionisanja predstavlja\u00a0 kombinaciju mehani\u010dkih I pneumatskih mehanizama \u2013 modula.<\/p>\n<p>Ulogu me\u0111ufaznog povezivanja svih elemenata ciklusa ma\u0161ine vr\u0161i transporter, koji prenosi \u010da\u0161e od jednog mehanizma do drugog, sve do izbaciva\u010da \u010da\u0161a koji ih iznosi na prihvatni sto odakle ih radnik skuplja i zbirno pakuje.<\/p>\n<p>Doziranje je sistemom Multi Head sa 10 glava sa odmeravanjem koli\u010dine a napajanje dozatora se vr\u0161i transporterom sa specijalnim lopaticama iz ko\u0161a od 100 kilograma sa vibro glavom za rastresanje \u010dvaraka<\/p>\n<p>Posle doziranja je sklop steza\u010d pegle i no\u017eeva za opsecanje PVC folije. Ovaj sklop ima zadatak da foliju kojom treba da zatvori posuda, pridr\u017ei steza\u010dim, zavari je za venac posude i opse\u010de je po konturi posude.<\/p>\n<p>Sistem za povla\u010denje PVC folije je elektromotornog tipa u ciklusu povla\u010di foliju preko posudica uz istovremeno namotavanje otpada.<\/p>\n<p>Postolje ma\u0161ine, za\u0161titne obloge, i ostali elementi koji dolaze u kontakt sa materijom koja se pakuje su izra\u0111eni od ner\u0111aju\u0107eg \u010delika.<\/p>\n<p>Ma\u0161ina se isporu\u010duje sa traverznom i ink yet \u0161tampa\u010dem.[\/vc_column_text][vc_empty_space][\/vc_column][\/vc_row][vc_row][vc_column width=&#8221;2\/3&#8243;][vc_text_separator title=&#8221;TEHNI\u010cKE KARAKTERISTIKE&#8221; i_icon_fontawesome=&#8221;fas fa-file-alt&#8221; i_color=&#8221;black&#8221; border_width=&#8221;6&#8243; css_animation=&#8221;none&#8221; add_icon=&#8221;true&#8221;][vc_column_text]<\/p>\n<table>\n<tbody>\n<tr>\n<td width=\"319\">&#8211; kapacitet ma\u0161ine<\/td>\n<td width=\"298\">Q = 1500 &#8211; 3000 \u010da\u0161a \/ h<\/td>\n<\/tr>\n<tr>\n<td width=\"319\">&#8211; opseg doziranja<\/td>\n<td width=\"298\">0,100 &#8211; 0,500 kg<\/td>\n<\/tr>\n<tr>\n<td width=\"319\">&#8211; instalisana snaga<\/td>\n<td width=\"298\">Pi = 9,00 Kw<\/td>\n<\/tr>\n<tr>\n<td width=\"319\">&#8211; nazivni napon<\/td>\n<td width=\"298\">3 x 380 V\u00a0 50 Hz<\/td>\n<\/tr>\n<tr>\n<td width=\"319\">&#8211; nazivni pritisak<\/td>\n<td width=\"298\">p = 6 \u2013 8 bar<\/td>\n<\/tr>\n<tr>\n<td width=\"319\">&#8211; potro\u0161nja vazduha (na 6 bar-a)<\/td>\n<td width=\"298\">200 L \/ min<\/td>\n<\/tr>\n<tr>\n<td width=\"319\">&#8211; dimenzije ma\u0161ine D x \u0160 x V<\/td>\n<td width=\"298\">4600 x 4600 x 3700 mm<\/td>\n<\/tr>\n<tr>\n<td width=\"319\">&#8211; masa ma\u0161ine<\/td>\n<td width=\"298\">M = 2000 &#8211; 2500 Kg<\/td>\n<\/tr>\n<tr>\n<td width=\"319\">&#8211; pre\u010dnik venca\u00a0 \u010da\u0161e za termovar<\/td>\n<td width=\"298\">D = po uzorku<\/td>\n<\/tr>\n<\/tbody>\n<\/table>\n<p>[\/vc_column_text][\/vc_column][vc_column width=&#8221;1\/3&#8243;][vc_text_separator title=&#8221;TEHNI\u010cKA DOKUMENTACIJA&#8221; i_icon_fontawesome=&#8221;fas fa-file-pdf&#8221; i_color=&#8221;pink&#8221; border_width=&#8221;6&#8243; add_icon=&#8221;true&#8221;][vc_message message_box_color=&#8221;green&#8221; icon_fontawesome=&#8221;far fa-file-pdf&#8221;]<a href=\"https:\/\/www.pakpromet.com\/wp-content\/uploads\/2023\/03\/MONOPAK 1500 05 Z srb, eng, rus.pdf\" target=\"_blank\" rel=\"noopener\">Preuzmite bro\u0161uru<\/a>[\/vc_message][vc_message message_box_color=&#8221;green&#8221; icon_fontawesome=&#8221;far fa-file-pdf&#8221;]<a href=\"https:\/\/www.pakpromet.com\/wp-content\/uploads\/2023\/01\/MONOPAK 3000 05 Z - srb, eng, rus.pdf\" target=\"_blank\" rel=\"noopener\">Preuzmite bro\u0161uru<\/a>[\/vc_message][\/vc_column][\/vc_row][vc_row][vc_column][vc_empty_space][vc_images_carousel images=&#8221;8537,8538,8539,8540,8541,8542,8543,8544,8545,8546,8547,8548,8549,8550,8551,8552,8553,8554&#8243; img_size=&#8221;full&#8221; slides_per_view=&#8221;5&#8243; autoplay=&#8221;yes&#8221;][\/vc_column][\/vc_row]<\/p>\n","protected":false},"excerpt":{"rendered":"<p>[vc_row][vc_column][vc_column_text] MONOPAK 1500-3000 05 Z [\/vc_column_text][vc_text_separator title=&#8221;NAMENA MA\u0160INE&#8221; title_align=&#8221;separator_align_left&#8221; border_width=&#8221;6&#8243; el_class=&#8221;bold&#8221;][vc_empty_space][vc_column_text]MONOPAK 1500 &#8211; 3000 05 Z je automatska ma\u0161ina za pakovanje zrnastih, pra\u0161kastih i rastresitih proizvoda u polistirenske ili polipropilenske \u010da\u0161ice. Najmasovniju primenu ova ma\u0161ina ima na linijama za pakovanje suvih ili duvan \u010dvaraka I ostale sitne komandne robe Koncepcija ma\u0161ine je takva, da se [&hellip;]<\/p>\n","protected":false},"author":1,"featured_media":0,"parent":0,"menu_order":0,"comment_status":"closed","ping_status":"closed","template":"","meta":{"footnotes":""},"class_list":["post-8405","page","type-page","status-publish","hentry","no-thumb"],"_links":{"self":[{"href":"https:\/\/www.pakpromet.com\/index.php\/wp-json\/wp\/v2\/pages\/8405","targetHints":{"allow":["GET"]}}],"collection":[{"href":"https:\/\/www.pakpromet.com\/index.php\/wp-json\/wp\/v2\/pages"}],"about":[{"href":"https:\/\/www.pakpromet.com\/index.php\/wp-json\/wp\/v2\/types\/page"}],"author":[{"embeddable":true,"href":"https:\/\/www.pakpromet.com\/index.php\/wp-json\/wp\/v2\/users\/1"}],"replies":[{"embeddable":true,"href":"https:\/\/www.pakpromet.com\/index.php\/wp-json\/wp\/v2\/comments?post=8405"}],"version-history":[{"count":8,"href":"https:\/\/www.pakpromet.com\/index.php\/wp-json\/wp\/v2\/pages\/8405\/revisions"}],"predecessor-version":[{"id":8611,"href":"https:\/\/www.pakpromet.com\/index.php\/wp-json\/wp\/v2\/pages\/8405\/revisions\/8611"}],"wp:attachment":[{"href":"https:\/\/www.pakpromet.com\/index.php\/wp-json\/wp\/v2\/media?parent=8405"}],"curies":[{"name":"wp","href":"https:\/\/api.w.org\/{rel}","templated":true}]}}